{"id":611,"date":"2025-03-14T15:06:15","date_gmt":"2025-03-14T15:06:15","guid":{"rendered":"https:\/\/rahimatrans.com\/?page_id=611"},"modified":"2025-03-16T17:47:27","modified_gmt":"2025-03-16T17:47:27","slug":"faq","status":"publish","type":"page","link":"https:\/\/rahimatrans.com\/ar\/faq\/","title":{"rendered":"\u0627\u0644\u062a\u0639\u0644\u064a\u0645\u0627\u062a"},"content":{"rendered":"<div data-elementor-type=\"wp-page\" data-elementor-id=\"611\" class=\"elementor elementor-611\" data-elementor-post-type=\"page\">\n\t\t\t\t\t\t<section class=\"elementor-section elementor-top-section elementor-element elementor-element-365b5299 elementor-section-boxed elementor-section-height-default elementor-section-height-default\" data-id=\"365b5299\" data-element_type=\"section\" data-settings=\"{&quot;background_background&quot;:&quot;classic&quot;}\">\n\t\t\t\t\t\t\t<div class=\"elementor-background-overlay\"><\/div>\n\t\t\t\t\t\t\t<div class=\"elementor-container elementor-column-gap-default\">\n\t\t\t\t\t<div class=\"elementor-column elementor-col-100 elementor-top-column elementor-element elementor-element-14f3620d\" data-id=\"14f3620d\" data-element_type=\"column\">\n\t\t\t<div class=\"elementor-widget-wrap elementor-element-populated\">\n\t\t\t\t\t\t<div class=\"elementor-element elementor-element-5c01079d elementor-icon-list--layout-inline elementor-align-center elementor-list-item-link-full_width elementor-invisible elementor-widget elementor-widget-icon-list\" data-id=\"5c01079d\" data-element_type=\"widget\" data-settings=\"{&quot;_animation&quot;:&quot;fadeInDown&quot;}\" data-widget_type=\"icon-list.default\">\n\t\t\t\t<div class=\"elementor-widget-container\">\n\t\t\t\t\t\t\t<ul class=\"elementor-icon-list-items elementor-inline-items\">\n\t\t\t\t\t\t\t<li class=\"elementor-icon-list-item elementor-inline-item\">\n\t\t\t\t\t\t\t\t\t\t\t<a href=\"\/ar\/\">\n\n\t\t\t\t\t\t\t\t\t\t\t<span class=\"elementor-icon-list-text\">\u0645\u0631\u062d\u0628\u0627\u064b<\/span>\n\t\t\t\t\t\t\t\t\t\t\t<\/a>\n\t\t\t\t\t\t\t\t\t<\/li>\n\t\t\t\t\t\t\t\t<li class=\"elementor-icon-list-item elementor-inline-item\">\n\t\t\t\t\t\t\t\t\t\t\t<span class=\"elementor-icon-list-icon\">\n\t\t\t\t\t\t\t<i aria-hidden=\"true\" class=\"ti-arrow-top-right\"><\/i>\t\t\t\t\t\t<\/span>\n\t\t\t\t\t\t\t\t\t\t<span class=\"elementor-icon-list-text\">\u0627\u0644\u062a\u0639\u0644\u064a\u0645\u0627\u062a<\/span>\n\t\t\t\t\t\t\t\t\t<\/li>\n\t\t\t\t\t\t<\/ul>\n\t\t\t\t\t\t<\/div>\n\t\t\t\t<\/div>\n\t\t\t\t<div class=\"elementor-element elementor-element-78b22898 elementor-invisible elementor-widget elementor-widget-heading\" data-id=\"78b22898\" data-element_type=\"widget\" data-settings=\"{&quot;_animation&quot;:&quot;fadeInUp&quot;}\" data-widget_type=\"heading.default\">\n\t\t\t\t<div class=\"elementor-widget-container\">\n\t\t\t\t\t<h2 class=\"elementor-heading-title elementor-size-default\">\u0643\u064a\u0641 \u064a\u0645\u0643\u0646\u0646\u0627 \u0645\u0633\u0627\u0639\u062f\u062a\u0643\u061f<\/h2>\t\t\t\t<\/div>\n\t\t\t\t<\/div>\n\t\t\t\t\t<\/div>\n\t\t<\/div>\n\t\t\t\t\t<\/div>\n\t\t<\/section>\n\t\t\t\t<section class=\"elementor-section elementor-top-section elementor-element elementor-element-5f6700f7 elementor-section-boxed elementor-section-height-default elementor-section-height-default\" data-id=\"5f6700f7\" data-element_type=\"section\">\n\t\t\t\t\t\t<div class=\"elementor-container elementor-column-gap-default\">\n\t\t\t\t\t<div class=\"elementor-column elementor-col-50 elementor-top-column elementor-element elementor-element-76bafd3e\" data-id=\"76bafd3e\" data-element_type=\"column\" data-settings=\"{&quot;animation&quot;:&quot;none&quot;}\">\n\t\t\t<div class=\"elementor-widget-wrap elementor-element-populated\">\n\t\t\t\t\t\t<div class=\"elementor-element elementor-element-2e08ff57 elementor-widget elementor-widget-heading\" data-id=\"2e08ff57\" data-element_type=\"widget\" data-widget_type=\"heading.default\">\n\t\t\t\t<div class=\"elementor-widget-container\">\n\t\t\t\t\t<h2 class=\"elementor-heading-title elementor-size-default\">\u0627\u0644\u062a\u0639\u0644\u064a\u0645\u0627\u062a<\/h2>\t\t\t\t<\/div>\n\t\t\t\t<\/div>\n\t\t\t\t<div class=\"elementor-element elementor-element-14176374 elementor-widget elementor-widget-heading\" data-id=\"14176374\" data-element_type=\"widget\" data-widget_type=\"heading.default\">\n\t\t\t\t<div class=\"elementor-widget-container\">\n\t\t\t\t\t<h2 class=\"elementor-heading-title elementor-size-default\">\u0627\u0644\u0623\u0633\u0626\u0644\u0629 \u0627\u0644\u0634\u0627\u0626\u0639\u0629<\/h2>\t\t\t\t<\/div>\n\t\t\t\t<\/div>\n\t\t\t\t<div class=\"elementor-element elementor-element-1ee2cc74 elementor-widget elementor-widget-text-editor\" data-id=\"1ee2cc74\" data-element_type=\"widget\" data-widget_type=\"text-editor.default\">\n\t\t\t\t<div class=\"elementor-widget-container\">\n\t\t\t\t\t\t\t\t\t<p>\u0647\u0644 \u0644\u062f\u064a\u0643 \u0623\u0633\u0626\u0644\u0629 \u062d\u0648\u0644 \u062e\u062f\u0645\u0627\u062a\u0646\u0627\u061f \u0644\u062f\u064a\u0646\u0627 \u0627\u0644\u0625\u062c\u0627\u0628\u0627\u062a! \u0648\u0625\u0630\u0627 \u0644\u0645 \u062a\u062a\u0645\u0643\u0646 \u0645\u0646 \u0627\u0644\u0639\u062b\u0648\u0631 \u0639\u0644\u0649 \u0645\u0627 \u064a\u0646\u0627\u0633\u0628\u0643\u060c \u0641\u0627\u062a\u0635\u0644 \u0628\u0646\u0627 \u0645\u0628\u0627\u0634\u0631\u0629.<\/p>\t\t\t\t\t\t\t\t<\/div>\n\t\t\t\t<\/div>\n\t\t\t\t<div class=\"elementor-element elementor-element-c504333 elementor-widget elementor-widget-text-editor\" data-id=\"c504333\" data-element_type=\"widget\" data-widget_type=\"text-editor.default\">\n\t\t\t\t<div class=\"elementor-widget-container\">\n\t\t\t\t\t\t\t\t\t<p>\u0647\u0644 \u0644\u062f\u064a\u0643 \u0623\u064a \u0623\u0633\u0626\u0644\u0629\u061f<\/p>\t\t\t\t\t\t\t\t<\/div>\n\t\t\t\t<\/div>\n\t\t\t\t<div class=\"elementor-element elementor-element-f5a944e elementor-widget elementor-widget-button\" data-id=\"f5a944e\" data-element_type=\"widget\" data-widget_type=\"button.default\">\n\t\t\t\t<div class=\"elementor-widget-container\">\n\t\t\t\t\t\t\t\t\t<div class=\"elementor-button-wrapper\">\n\t\t\t\t\t<a class=\"elementor-button elementor-button-link elementor-size-sm\" href=\"https:\/\/rahimatrans.com\/ar\/contact\/\">\n\t\t\t\t\t\t<span class=\"elementor-button-content-wrapper\">\n\t\t\t\t\t\t\t\t\t<span class=\"elementor-button-text\">\u0627\u062a\u0635\u0644 \u0628\u0646\u0627<\/span>\n\t\t\t\t\t<\/span>\n\t\t\t\t\t<\/a>\n\t\t\t\t<\/div>\n\t\t\t\t\t\t\t\t<\/div>\n\t\t\t\t<\/div>\n\t\t\t\t\t<\/div>\n\t\t<\/div>\n\t\t\t\t<div class=\"elementor-column elementor-col-50 elementor-top-column elementor-element elementor-element-1ef32b85 elementor-invisible\" data-id=\"1ef32b85\" data-element_type=\"column\" data-settings=\"{&quot;animation&quot;:&quot;fadeInUp&quot;}\">\n\t\t\t<div class=\"elementor-widget-wrap elementor-element-populated\">\n\t\t\t\t\t\t<div class=\"elementor-element elementor-element-e35b2e9 elementor-widget elementor-widget-n-accordion\" data-id=\"e35b2e9\" data-element_type=\"widget\" data-settings=\"{&quot;default_state&quot;:&quot;expanded&quot;,&quot;max_items_expended&quot;:&quot;one&quot;,&quot;n_accordion_animation_duration&quot;:{&quot;unit&quot;:&quot;ms&quot;,&quot;size&quot;:400,&quot;sizes&quot;:[]}}\" data-widget_type=\"nested-accordion.default\">\n\t\t\t\t<div class=\"elementor-widget-container\">\n\t\t\t\t\t\t\t<div class=\"e-n-accordion\" aria-label=\"\u0623\u0643\u0648\u0631\u062f\u064a\u0648\u0646. \u0627\u0641\u062a\u062d \u0627\u0644\u0631\u0648\u0627\u0628\u0637 \u0628\u0627\u0633\u062a\u062e\u062f\u0627\u0645 \u0645\u0641\u062a\u0627\u062d \u0627\u0644\u0625\u062f\u062e\u0627\u0644 \u0623\u0648 \u0627\u0644\u0645\u0633\u0627\u0641\u0629\u060c \u0648\u0623\u063a\u0644\u0642\u0647\u0627 \u0628\u0627\u0633\u062a\u062e\u062f\u0627\u0645 \u0645\u0641\u062a\u0627\u062d \u0627\u0644\u0647\u0631\u0648\u0628\u060c \u0648\u0627\u0646\u062a\u0642\u0644 \u0628\u0627\u0633\u062a\u062e\u062f\u0627\u0645 \u0645\u0641\u0627\u062a\u064a\u062d \u0627\u0644\u0623\u0633\u0647\u0645\">\n\t\t\t\t\t\t<details id=\"e-n-accordion-item-2380\" class=\"e-n-accordion-item\" open>\n\t\t\t\t<summary class=\"e-n-accordion-item-title\" data-accordion-index=\"1\" tabindex=\"0\" aria-expanded=\"true\" aria-controls=\"e-n-accordion-item-2380\" >\n\t\t\t\t\t<span class='e-n-accordion-item-title-header'><div class=\"e-n-accordion-item-title-text\"> \u0645\u0627 \u0647\u064a \u0627\u0644\u062e\u062f\u0645\u0627\u062a \u0627\u0644\u062a\u064a \u062a\u0642\u062f\u0645\u0647\u0627 \u0634\u0631\u0643\u0629 \u0631\u062d\u064a\u0645\u0629 \u062a\u0631\u0627\u0646\u0633\u061f <\/div><\/span>\n\t\t\t\t\t\t\t<span class='e-n-accordion-item-title-icon'>\n\t\t\t<span class='e-opened' ><i aria-hidden=\"true\" class=\"icon_minus-box\"><\/i><\/span>\n\t\t\t<span class='e-closed'><i aria-hidden=\"true\" class=\"icon_plus-box\"><\/i><\/span>\n\t\t<\/span>\n\n\t\t\t\t\t\t<\/summary>\n\t\t\t\t<div role=\"region\" aria-labelledby=\"e-n-accordion-item-2380\" class=\"elementor-element elementor-element-1a94eb8 e-con-full e-flex e-con e-child\" data-id=\"1a94eb8\" data-element_type=\"container\">\n\t\t<div role=\"region\" aria-labelledby=\"e-n-accordion-item-2380\" class=\"elementor-element elementor-element-0d4704c e-flex e-con-boxed e-con e-child\" data-id=\"0d4704c\" data-element_type=\"container\">\n\t\t\t\t\t<div class=\"e-con-inner\">\n\t\t\t\t<div class=\"elementor-element elementor-element-4c2386f elementor-widget elementor-widget-text-editor\" data-id=\"4c2386f\" data-element_type=\"widget\" data-widget_type=\"text-editor.default\">\n\t\t\t\t<div class=\"elementor-widget-container\">\n\t\t\t\t\t\t\t\t\t<p data-pm-slice=\"1 1 []\">\u062a\u062a\u062e\u0635\u0635 \u0634\u0631\u0643\u0629 \u0631\u062d\u064a\u0645\u0629 \u062a\u0631\u0627\u0646\u0633 \u0641\u064a \u0645\u062c\u0627\u0644 \u0627\u0644\u0646\u0642\u0644 \u0648\u0627\u0644\u062a\u062e\u0644\u064a\u0635 \u0627\u0644\u062c\u0645\u0631\u0643\u064a\u060c \u0628\u0645\u0627 \u0641\u064a \u0630\u0644\u0643 \u0627\u0644\u0625\u062c\u0631\u0627\u0621\u0627\u062a \u0627\u0644\u062c\u0645\u0631\u0643\u064a\u0629 \u0648\u0645\u0631\u0627\u0642\u0628\u0629 \u0627\u0644\u062d\u0633\u0627\u0628\u0627\u062a \u0648\u0627\u0644\u0639\u0645\u0644\u064a\u0627\u062a \u0627\u0644\u0627\u0642\u062a\u0635\u0627\u062f\u064a\u0629.<\/p>\t\t\t\t\t\t\t\t<\/div>\n\t\t\t\t<\/div>\n\t\t\t\t\t<\/div>\n\t\t\t\t<\/div>\n\t\t\t\t<\/div>\n\t\t\t\t\t<\/details>\n\t\t\t\t\t\t<details id=\"e-n-accordion-item-2381\" class=\"e-n-accordion-item\" >\n\t\t\t\t<summary class=\"e-n-accordion-item-title\" data-accordion-index=\"2\" tabindex=\"-1\" aria-expanded=\"false\" aria-controls=\"e-n-accordion-item-2381\" >\n\t\t\t\t\t<span class='e-n-accordion-item-title-header'><div class=\"e-n-accordion-item-title-text\"> \u0623\u064a\u0646 \u064a\u0642\u0639 \u0631\u062d\u064a\u0645\u0629 \u062a\u0631\u0627\u0646\u0633\u061f <\/div><\/span>\n\t\t\t\t\t\t\t<span class='e-n-accordion-item-title-icon'>\n\t\t\t<span class='e-opened' ><i aria-hidden=\"true\" class=\"icon_minus-box\"><\/i><\/span>\n\t\t\t<span class='e-closed'><i aria-hidden=\"true\" class=\"icon_plus-box\"><\/i><\/span>\n\t\t<\/span>\n\n\t\t\t\t\t\t<\/summary>\n\t\t\t\t<div role=\"region\" aria-labelledby=\"e-n-accordion-item-2381\" class=\"elementor-element elementor-element-65348eb e-con-full e-flex e-con e-child\" data-id=\"65348eb\" data-element_type=\"container\">\n\t\t<div role=\"region\" aria-labelledby=\"e-n-accordion-item-2381\" class=\"elementor-element elementor-element-927ed28 e-flex e-con-boxed e-con e-child\" data-id=\"927ed28\" data-element_type=\"container\">\n\t\t\t\t\t<div class=\"e-con-inner\">\n\t\t\t\t<div class=\"elementor-element elementor-element-0a4769f elementor-widget elementor-widget-text-editor\" data-id=\"0a4769f\" data-element_type=\"widget\" data-widget_type=\"text-editor.default\">\n\t\t\t\t<div class=\"elementor-widget-container\">\n\t\t\t\t\t\t\t\t\t<p data-pm-slice=\"1 1 []\">\u0645\u0643\u0627\u062a\u0628\u0646\u0627 \u062a\u0642\u0639 \u0641\u064a Av. \u0645\u0648\u0644\u0627\u064a \u064a\u0648\u0633\u0641\u060c \u0634\u0627\u0631\u0639 \u0623\u0645 \u064a\u0627\u0633\u064a\u0646 2\u060c \u0627\u0644\u0637\u0627\u0628\u0642 \u0627\u0644\u0623\u0648\u0644 \u0631\u0642\u0645 9\u060c \u0637\u0646\u062c\u0629\u060c \u0627\u0644\u0645\u063a\u0631\u0628.<\/p>\t\t\t\t\t\t\t\t<\/div>\n\t\t\t\t<\/div>\n\t\t\t\t\t<\/div>\n\t\t\t\t<\/div>\n\t\t\t\t<\/div>\n\t\t\t\t\t<\/details>\n\t\t\t\t\t\t<details id=\"e-n-accordion-item-2382\" class=\"e-n-accordion-item\" >\n\t\t\t\t<summary class=\"e-n-accordion-item-title\" data-accordion-index=\"3\" tabindex=\"-1\" aria-expanded=\"false\" aria-controls=\"e-n-accordion-item-2382\" >\n\t\t\t\t\t<span class='e-n-accordion-item-title-header'><div class=\"e-n-accordion-item-title-text\"> \u0643\u064a\u0641\u064a\u0629 \u0627\u0644\u062a\u0648\u0627\u0635\u0644 \u0645\u0639 \u0631\u062d\u064a\u0645\u0629 \u062a\u0631\u0627\u0646\u0633 \u0644\u0637\u0644\u0628 \u0627\u0644\u062e\u062f\u0645\u0629\u061f <\/div><\/span>\n\t\t\t\t\t\t\t<span class='e-n-accordion-item-title-icon'>\n\t\t\t<span class='e-opened' ><i aria-hidden=\"true\" class=\"icon_minus-box\"><\/i><\/span>\n\t\t\t<span class='e-closed'><i aria-hidden=\"true\" class=\"icon_plus-box\"><\/i><\/span>\n\t\t<\/span>\n\n\t\t\t\t\t\t<\/summary>\n\t\t\t\t<div role=\"region\" aria-labelledby=\"e-n-accordion-item-2382\" class=\"elementor-element elementor-element-db0b8e1 e-con-full e-flex e-con e-child\" data-id=\"db0b8e1\" data-element_type=\"container\">\n\t\t<div role=\"region\" aria-labelledby=\"e-n-accordion-item-2382\" class=\"elementor-element elementor-element-59fd67a e-flex e-con-boxed e-con e-child\" data-id=\"59fd67a\" data-element_type=\"container\">\n\t\t\t\t\t<div class=\"e-con-inner\">\n\t\t\t\t<div class=\"elementor-element elementor-element-b5592a6 elementor-widget elementor-widget-text-editor\" data-id=\"b5592a6\" data-element_type=\"widget\" data-widget_type=\"text-editor.default\">\n\t\t\t\t<div class=\"elementor-widget-container\">\n\t\t\t\t\t\t\t\t\t<p data-pm-slice=\"1 1 []\">\u064a\u0645\u0643\u0646\u0643 \u0627\u0644\u0627\u062a\u0635\u0627\u0644 \u0628\u0646\u0627 \u0639\u0628\u0631 \u0627\u0644\u0647\u0627\u062a\u0641 \u0639\u0644\u0649 \u0627\u0644\u0631\u0642\u0645 +212 6 61 08 77 73 \u0623\u0648 \u0639\u0628\u0631 \u0627\u0644\u0628\u0631\u064a\u062f \u0627\u0644\u0625\u0644\u0643\u062a\u0631\u0648\u0646\u064a \u0639\u0644\u0649 <a>rahimatrans@example.com<\/a>.<\/p>\t\t\t\t\t\t\t\t<\/div>\n\t\t\t\t<\/div>\n\t\t\t\t\t<\/div>\n\t\t\t\t<\/div>\n\t\t\t\t<\/div>\n\t\t\t\t\t<\/details>\n\t\t\t\t\t\t<details id=\"e-n-accordion-item-2383\" class=\"e-n-accordion-item\" >\n\t\t\t\t<summary class=\"e-n-accordion-item-title\" data-accordion-index=\"4\" tabindex=\"-1\" aria-expanded=\"false\" aria-controls=\"e-n-accordion-item-2383\" >\n\t\t\t\t\t<span class='e-n-accordion-item-title-header'><div class=\"e-n-accordion-item-title-text\"> \u0647\u0644 \u062a\u0642\u062f\u0645 \u0634\u0631\u0643\u0629 \u0631\u062d\u064a\u0645\u0629 \u062a\u0631\u0627\u0646\u0633 \u062e\u062f\u0645\u0627\u062a \u062f\u0648\u0644\u064a\u0629\u061f <\/div><\/span>\n\t\t\t\t\t\t\t<span class='e-n-accordion-item-title-icon'>\n\t\t\t<span class='e-opened' ><i aria-hidden=\"true\" class=\"icon_minus-box\"><\/i><\/span>\n\t\t\t<span class='e-closed'><i aria-hidden=\"true\" class=\"icon_plus-box\"><\/i><\/span>\n\t\t<\/span>\n\n\t\t\t\t\t\t<\/summary>\n\t\t\t\t<div role=\"region\" aria-labelledby=\"e-n-accordion-item-2383\" class=\"elementor-element elementor-element-adacee0 e-con-full e-flex e-con e-child\" data-id=\"adacee0\" data-element_type=\"container\">\n\t\t<div role=\"region\" aria-labelledby=\"e-n-accordion-item-2383\" class=\"elementor-element elementor-element-416866c e-flex e-con-boxed e-con e-child\" data-id=\"416866c\" data-element_type=\"container\">\n\t\t\t\t\t<div class=\"e-con-inner\">\n\t\t\t\t<div class=\"elementor-element elementor-element-69091d0 elementor-widget elementor-widget-text-editor\" data-id=\"69091d0\" data-element_type=\"widget\" data-widget_type=\"text-editor.default\">\n\t\t\t\t<div class=\"elementor-widget-container\">\n\t\t\t\t\t\t\t\t\t<p data-pm-slice=\"1 1 []\">\u0646\u0639\u0645\u060c \u0646\u062d\u0646 \u0646\u0642\u062f\u0645 \u062e\u062f\u0645\u0627\u062a \u0627\u0644\u0634\u062d\u0646 \u0627\u0644\u062f\u0648\u0644\u064a \u0648\u0627\u0644\u062a\u062e\u0644\u064a\u0635 \u0627\u0644\u062c\u0645\u0631\u0643\u064a.<\/p>\t\t\t\t\t\t\t\t<\/div>\n\t\t\t\t<\/div>\n\t\t\t\t\t<\/div>\n\t\t\t\t<\/div>\n\t\t\t\t<\/div>\n\t\t\t\t\t<\/details>\n\t\t\t\t\t<\/div>\n\t\t\t\t\t<script type=\"application\/ld+json\">{\"@context\":\"https:\\\/\\\/schema.org\",\"@type\":\"FAQPage\",\"mainEntity\":[{\"@type\":\"Question\",\"name\":\"Quels sont les services propos\\u00e9s par Rahima Trans ?\",\"acceptedAnswer\":{\"@type\":\"Answer\",\"text\":\"\"}},{\"@type\":\"Question\",\"name\":\"O\\u00f9 se situe Rahima Trans ?\",\"acceptedAnswer\":{\"@type\":\"Answer\",\"text\":\"\"}},{\"@type\":\"Question\",\"name\":\"Comment contacter Rahima Trans pour une demande de service ?\",\"acceptedAnswer\":{\"@type\":\"Answer\",\"text\":\"\"}},{\"@type\":\"Question\",\"name\":\"Rahima Trans offre-t-elle des services internationaux ?\",\"acceptedAnswer\":{\"@type\":\"Answer\",\"text\":\"\"}}]}<\/script>\n\t\t\t\t\t\t\t<\/div>\n\t\t\t\t<\/div>\n\t\t\t\t\t<\/div>\n\t\t<\/div>\n\t\t\t\t\t<\/div>\n\t\t<\/section>\n\t\t\t\t<\/div>","protected":false},"excerpt":{"rendered":"<p>\u0627\u0644\u0635\u0641\u062d\u0629 \u0627\u0644\u0631\u0626\u064a\u0633\u064a\u0629 \u0627\u0644\u0623\u0633\u0626\u0644\u0629 \u0627\u0644\u0634\u0627\u0626\u0639\u0629 \u0643\u064a\u0641 \u064a\u0645\u0643\u0646\u0646\u0627 \u0645\u0633\u0627\u0639\u062f\u062a\u0643\u061f \u0627\u0644\u0623\u0633\u0626\u0644\u0629 \u0627\u0644\u0634\u0627\u0626\u0639\u0629 \u0627\u0644\u0623\u0633\u0626\u0644\u0629 \u0627\u0644\u0634\u0627\u0626\u0639\u0629 \u0647\u0644 \u0644\u062f\u064a\u0643 \u0623\u0633\u0626\u0644\u0629 \u062d\u0648\u0644 \u062e\u062f\u0645\u0627\u062a\u0646\u0627\u061f \u0644\u062f\u064a\u0646\u0627 \u0627\u0644\u0625\u062c\u0627\u0628\u0627\u062a! \u0648\u0625\u0630\u0627 \u0644\u0645 \u062a\u062c\u062f \u0645\u0627 \u062a\u0628\u062d\u062b \u0639\u0646\u0647\u060c \u062a\u0648\u0627\u0635\u0644 \u0645\u0639\u0646\u0627 \u0645\u0628\u0627\u0634\u0631\u0629\u064b. \u0647\u0644 \u0644\u062f\u064a\u0643 \u0623\u0633\u0626\u0644\u0629\u061f \u062a\u0648\u0627\u0635\u0644 \u0645\u0639\u0646\u0627 \u0645\u0627 \u0647\u064a \u0627\u0644\u062e\u062f\u0645\u0627\u062a \u0627\u0644\u062a\u064a \u062a\u0642\u062f\u0645\u0647\u0627 \u0631\u062d\u064a\u0645\u0629 \u062a\u0631\u0627\u0646\u0633\u061f \u062a\u062a\u062e\u0635\u0635 \u0631\u062d\u064a\u0645\u0629 \u062a\u0631\u0627\u0646\u0633 \u0641\u064a \u0627\u0644\u0646\u0642\u0644 \u0648[...]<\/p>","protected":false},"author":1,"featured_media":0,"parent":0,"menu_order":0,"comment_status":"closed","ping_status":"closed","template":"","meta":{"footnotes":""},"class_list":["post-611","page","type-page","status-publish","hentry"],"yoast_head":"<!-- This site is optimized with the Yoast SEO plugin v24.9 - https:\/\/yoast.com\/wordpress\/plugins\/seo\/ -->\n<title>FAQ - RAHIMA TRANS<\/title>\n<meta name=\"robots\" content=\"index, follow, max-snippet:-1, max-image-preview:large, max-video-preview:-1\" \/>\n<link rel=\"canonical\" href=\"https:\/\/rahimatrans.com\/ar\/faq\/\" \/>\n<meta property=\"og:locale\" content=\"ar_AR\" \/>\n<meta property=\"og:type\" content=\"article\" \/>\n<meta property=\"og:title\" content=\"FAQ - RAHIMA TRANS\" \/>\n<meta property=\"og:description\" content=\"Accueil FAQ Comment pouvons-nous vous aider ? FAQ Questions Fr\u00e9quemment Pos\u00e9es Des questions sur nos services ? Nous avons les r\u00e9ponses ! Et si vous ne trouvez pas la v\u00f4tre, contactez-nous directement. Avez-vous des questions ? Contactez-nous Quels sont les services propos\u00e9s par Rahima Trans ? Rahima Trans est sp\u00e9cialis\u00e9e dans le transit et le [&hellip;]\" \/>\n<meta property=\"og:url\" content=\"https:\/\/rahimatrans.com\/ar\/faq\/\" \/>\n<meta property=\"og:site_name\" content=\"RAHIMA TRANS\" \/>\n<meta property=\"article:modified_time\" content=\"2025-03-16T17:47:27+00:00\" \/>\n<meta name=\"twitter:card\" content=\"summary_large_image\" \/>\n<meta name=\"twitter:label1\" content=\"\u0648\u0642\u062a \u0627\u0644\u0642\u0631\u0627\u0621\u0629 \u0627\u0644\u0645\u064f\u0642\u062f\u0651\u0631\" \/>\n\t<meta name=\"twitter:data1\" content=\"\u062f\u0642\u064a\u0642\u0629 \u0648\u0627\u062d\u062f\u0629\" \/>\n<script type=\"application\/ld+json\" class=\"yoast-schema-graph\">{\"@context\":\"https:\/\/schema.org\",\"@graph\":[{\"@type\":\"WebPage\",\"@id\":\"https:\/\/rahimatrans.com\/faq\/\",\"url\":\"https:\/\/rahimatrans.com\/faq\/\",\"name\":\"FAQ - RAHIMA TRANS\",\"isPartOf\":{\"@id\":\"https:\/\/rahimatrans.com\/#website\"},\"datePublished\":\"2025-03-14T15:06:15+00:00\",\"dateModified\":\"2025-03-16T17:47:27+00:00\",\"breadcrumb\":{\"@id\":\"https:\/\/rahimatrans.com\/faq\/#breadcrumb\"},\"inLanguage\":\"ar\",\"potentialAction\":[{\"@type\":\"ReadAction\",\"target\":[\"https:\/\/rahimatrans.com\/faq\/\"]}]},{\"@type\":\"BreadcrumbList\",\"@id\":\"https:\/\/rahimatrans.com\/faq\/#breadcrumb\",\"itemListElement\":[{\"@type\":\"ListItem\",\"position\":1,\"name\":\"Home\",\"item\":\"https:\/\/rahimatrans.com\/\"},{\"@type\":\"ListItem\",\"position\":2,\"name\":\"FAQ\"}]},{\"@type\":\"WebSite\",\"@id\":\"https:\/\/rahimatrans.com\/#website\",\"url\":\"https:\/\/rahimatrans.com\/\",\"name\":\"RAHIMA Trans\",\"description\":\"\",\"publisher\":{\"@id\":\"https:\/\/rahimatrans.com\/#organization\"},\"potentialAction\":[{\"@type\":\"SearchAction\",\"target\":{\"@type\":\"EntryPoint\",\"urlTemplate\":\"https:\/\/rahimatrans.com\/?s={search_term_string}\"},\"query-input\":{\"@type\":\"PropertyValueSpecification\",\"valueRequired\":true,\"valueName\":\"search_term_string\"}}],\"inLanguage\":\"ar\"},{\"@type\":\"Organization\",\"@id\":\"https:\/\/rahimatrans.com\/#organization\",\"name\":\"RAHIMA Trans\",\"url\":\"https:\/\/rahimatrans.com\/\",\"logo\":{\"@type\":\"ImageObject\",\"inLanguage\":\"ar\",\"@id\":\"https:\/\/rahimatrans.com\/#\/schema\/logo\/image\/\",\"url\":\"https:\/\/rahimatrans.com\/wp-content\/uploads\/2025\/03\/cropped-image.webp\",\"contentUrl\":\"https:\/\/rahimatrans.com\/wp-content\/uploads\/2025\/03\/cropped-image.webp\",\"width\":463,\"height\":96,\"caption\":\"RAHIMA Trans\"},\"image\":{\"@id\":\"https:\/\/rahimatrans.com\/#\/schema\/logo\/image\/\"}}]}<\/script>\n<!-- \/ Yoast SEO plugin. -->","yoast_head_json":{"title":"FAQ - RAHIMA TRANS","robots":{"index":"index","follow":"follow","max-snippet":"max-snippet:-1","max-image-preview":"max-image-preview:large","max-video-preview":"max-video-preview:-1"},"canonical":"https:\/\/rahimatrans.com\/ar\/faq\/","og_locale":"ar_AR","og_type":"article","og_title":"FAQ - RAHIMA TRANS","og_description":"Accueil FAQ Comment pouvons-nous vous aider ? FAQ Questions Fr\u00e9quemment Pos\u00e9es Des questions sur nos services ? Nous avons les r\u00e9ponses ! Et si vous ne trouvez pas la v\u00f4tre, contactez-nous directement. Avez-vous des questions ? Contactez-nous Quels sont les services propos\u00e9s par Rahima Trans ? Rahima Trans est sp\u00e9cialis\u00e9e dans le transit et le [&hellip;]","og_url":"https:\/\/rahimatrans.com\/ar\/faq\/","og_site_name":"RAHIMA TRANS","article_modified_time":"2025-03-16T17:47:27+00:00","twitter_card":"summary_large_image","twitter_misc":{"\u0648\u0642\u062a \u0627\u0644\u0642\u0631\u0627\u0621\u0629 \u0627\u0644\u0645\u064f\u0642\u062f\u0651\u0631":"\u062f\u0642\u064a\u0642\u0629 \u0648\u0627\u062d\u062f\u0629"},"schema":{"@context":"https:\/\/schema.org","@graph":[{"@type":"WebPage","@id":"https:\/\/rahimatrans.com\/faq\/","url":"https:\/\/rahimatrans.com\/faq\/","name":"FAQ - RAHIMA TRANS","isPartOf":{"@id":"https:\/\/rahimatrans.com\/#website"},"datePublished":"2025-03-14T15:06:15+00:00","dateModified":"2025-03-16T17:47:27+00:00","breadcrumb":{"@id":"https:\/\/rahimatrans.com\/faq\/#breadcrumb"},"inLanguage":"ar","potentialAction":[{"@type":"ReadAction","target":["https:\/\/rahimatrans.com\/faq\/"]}]},{"@type":"BreadcrumbList","@id":"https:\/\/rahimatrans.com\/faq\/#breadcrumb","itemListElement":[{"@type":"ListItem","position":1,"name":"Home","item":"https:\/\/rahimatrans.com\/"},{"@type":"ListItem","position":2,"name":"FAQ"}]},{"@type":"WebSite","@id":"https:\/\/rahimatrans.com\/#website","url":"https:\/\/rahimatrans.com\/","name":"RAHIMA Trans","description":"","publisher":{"@id":"https:\/\/rahimatrans.com\/#organization"},"potentialAction":[{"@type":"SearchAction","target":{"@type":"EntryPoint","urlTemplate":"https:\/\/rahimatrans.com\/?s={search_term_string}"},"query-input":{"@type":"PropertyValueSpecification","valueRequired":true,"valueName":"search_term_string"}}],"inLanguage":"ar"},{"@type":"Organization","@id":"https:\/\/rahimatrans.com\/#organization","name":"RAHIMA Trans","url":"https:\/\/rahimatrans.com\/","logo":{"@type":"ImageObject","inLanguage":"ar","@id":"https:\/\/rahimatrans.com\/#\/schema\/logo\/image\/","url":"https:\/\/rahimatrans.com\/wp-content\/uploads\/2025\/03\/cropped-image.webp","contentUrl":"https:\/\/rahimatrans.com\/wp-content\/uploads\/2025\/03\/cropped-image.webp","width":463,"height":96,"caption":"RAHIMA Trans"},"image":{"@id":"https:\/\/rahimatrans.com\/#\/schema\/logo\/image\/"}}]}},"_links":{"self":[{"href":"https:\/\/rahimatrans.com\/ar\/wp-json\/wp\/v2\/pages\/611","targetHints":{"allow":["GET"]}}],"collection":[{"href":"https:\/\/rahimatrans.com\/ar\/wp-json\/wp\/v2\/pages"}],"about":[{"href":"https:\/\/rahimatrans.com\/ar\/wp-json\/wp\/v2\/types\/page"}],"author":[{"embeddable":true,"href":"https:\/\/rahimatrans.com\/ar\/wp-json\/wp\/v2\/users\/1"}],"replies":[{"embeddable":true,"href":"https:\/\/rahimatrans.com\/ar\/wp-json\/wp\/v2\/comments?post=611"}],"version-history":[{"count":64,"href":"https:\/\/rahimatrans.com\/ar\/wp-json\/wp\/v2\/pages\/611\/revisions"}],"predecessor-version":[{"id":738,"href":"https:\/\/rahimatrans.com\/ar\/wp-json\/wp\/v2\/pages\/611\/revisions\/738"}],"wp:attachment":[{"href":"https:\/\/rahimatrans.com\/ar\/wp-json\/wp\/v2\/media?parent=611"}],"curies":[{"name":"wp","href":"https:\/\/api.w.org\/{rel}","templated":true}]}}