{"id":708,"date":"2025-03-16T17:36:01","date_gmt":"2025-03-16T17:36:01","guid":{"rendered":"https:\/\/rahimatrans.com\/?page_id=708"},"modified":"2025-04-02T13:52:27","modified_gmt":"2025-04-02T13:52:27","slug":"services","status":"publish","type":"page","link":"https:\/\/rahimatrans.com\/ar\/services\/","title":{"rendered":"\u062e\u062f\u0645\u0627\u062a"},"content":{"rendered":"<div data-elementor-type=\"wp-page\" data-elementor-id=\"708\" class=\"elementor elementor-708\" data-elementor-post-type=\"page\">\n\t\t\t\t\t\t<section class=\"elementor-section elementor-top-section elementor-element elementor-element-52c9bca elementor-section-boxed elementor-section-height-default elementor-section-height-default\" data-id=\"52c9bca\" data-element_type=\"section\" data-settings=\"{&quot;background_background&quot;:&quot;classic&quot;}\">\n\t\t\t\t\t\t\t<div class=\"elementor-background-overlay\"><\/div>\n\t\t\t\t\t\t\t<div class=\"elementor-container elementor-column-gap-default\">\n\t\t\t\t\t<div class=\"elementor-column elementor-col-100 elementor-top-column elementor-element elementor-element-68c4a815\" data-id=\"68c4a815\" data-element_type=\"column\">\n\t\t\t<div class=\"elementor-widget-wrap elementor-element-populated\">\n\t\t\t\t\t\t<div class=\"elementor-element elementor-element-1df2400f elementor-icon-list--layout-inline elementor-align-center elementor-list-item-link-full_width elementor-invisible elementor-widget elementor-widget-icon-list\" data-id=\"1df2400f\" data-element_type=\"widget\" data-settings=\"{&quot;_animation&quot;:&quot;fadeInDown&quot;}\" data-widget_type=\"icon-list.default\">\n\t\t\t\t<div class=\"elementor-widget-container\">\n\t\t\t\t\t\t\t<ul class=\"elementor-icon-list-items elementor-inline-items\">\n\t\t\t\t\t\t\t<li class=\"elementor-icon-list-item elementor-inline-item\">\n\t\t\t\t\t\t\t\t\t\t\t<a href=\"\/ar\/\">\n\n\t\t\t\t\t\t\t\t\t\t\t<span class=\"elementor-icon-list-text\">\u0645\u0631\u062d\u0628\u0627\u064b<\/span>\n\t\t\t\t\t\t\t\t\t\t\t<\/a>\n\t\t\t\t\t\t\t\t\t<\/li>\n\t\t\t\t\t\t\t\t<li class=\"elementor-icon-list-item elementor-inline-item\">\n\t\t\t\t\t\t\t\t\t\t\t<span class=\"elementor-icon-list-icon\">\n\t\t\t\t\t\t\t<i aria-hidden=\"true\" class=\"ti-arrow-top-right\"><\/i>\t\t\t\t\t\t<\/span>\n\t\t\t\t\t\t\t\t\t\t<span class=\"elementor-icon-list-text\">\u062e\u062f\u0645\u0627\u062a<\/span>\n\t\t\t\t\t\t\t\t\t<\/li>\n\t\t\t\t\t\t<\/ul>\n\t\t\t\t\t\t<\/div>\n\t\t\t\t<\/div>\n\t\t\t\t<div class=\"elementor-element elementor-element-693888b5 elementor-invisible elementor-widget elementor-widget-heading\" data-id=\"693888b5\" data-element_type=\"widget\" data-settings=\"{&quot;_animation&quot;:&quot;fadeInUp&quot;}\" data-widget_type=\"heading.default\">\n\t\t\t\t<div class=\"elementor-widget-container\">\n\t\t\t\t\t<h2 class=\"elementor-heading-title elementor-size-default\">\u0627\u0644\u062c\u064a\u0644 \u0627\u0644\u0642\u0627\u062f\u0645 \u0645\u0646 \u0627\u0644\u062e\u062f\u0645\u0627\u062a \u0627\u0644\u0644\u0648\u062c\u0633\u062a\u064a\u0629<\/h2>\t\t\t\t<\/div>\n\t\t\t\t<\/div>\n\t\t\t\t\t<\/div>\n\t\t<\/div>\n\t\t\t\t\t<\/div>\n\t\t<\/section>\n\t\t\t\t<section class=\"elementor-section elementor-top-section elementor-element elementor-element-4dd20d95 elementor-section-boxed elementor-section-height-default elementor-section-height-default\" data-id=\"4dd20d95\" data-element_type=\"section\" data-settings=\"{&quot;background_background&quot;:&quot;classic&quot;}\">\n\t\t\t\t\t\t\t<div class=\"elementor-background-overlay\"><\/div>\n\t\t\t\t\t\t\t<div class=\"elementor-container elementor-column-gap-default\">\n\t\t\t\t\t<div class=\"elementor-column elementor-col-100 elementor-top-column elementor-element elementor-element-3eded67e\" data-id=\"3eded67e\" data-element_type=\"column\">\n\t\t\t<div class=\"elementor-widget-wrap elementor-element-populated\">\n\t\t\t\t\t\t<section class=\"elementor-section elementor-inner-section elementor-element elementor-element-5ffc6973 elementor-section-boxed elementor-section-height-default elementor-section-height-default elementor-invisible\" data-id=\"5ffc6973\" data-element_type=\"section\" data-settings=\"{&quot;animation&quot;:&quot;fadeInUp&quot;}\">\n\t\t\t\t\t\t<div class=\"elementor-container elementor-column-gap-default\">\n\t\t\t\t\t<div class=\"elementor-column elementor-col-100 elementor-inner-column elementor-element elementor-element-6e58b21a\" data-id=\"6e58b21a\" data-element_type=\"column\" data-settings=\"{&quot;animation&quot;:&quot;none&quot;}\">\n\t\t\t<div class=\"elementor-widget-wrap elementor-element-populated\">\n\t\t\t\t\t\t<div class=\"elementor-element elementor-element-3973d56b elementor-widget elementor-widget-heading\" data-id=\"3973d56b\" data-element_type=\"widget\" data-widget_type=\"heading.default\">\n\t\t\t\t<div class=\"elementor-widget-container\">\n\t\t\t\t\t<h2 class=\"elementor-heading-title elementor-size-default\">\u0645\u0627 \u0646\u0642\u062f\u0645\u0647<\/h2>\t\t\t\t<\/div>\n\t\t\t\t<\/div>\n\t\t\t\t<div class=\"elementor-element elementor-element-a5b3684 elementor-widget elementor-widget-heading\" data-id=\"a5b3684\" data-element_type=\"widget\" data-settings=\"{&quot;_animation&quot;:&quot;none&quot;}\" data-widget_type=\"heading.default\">\n\t\t\t\t<div class=\"elementor-widget-container\">\n\t\t\t\t\t<h2 class=\"elementor-heading-title elementor-size-default\">\u0639\u0632\u0632 \u0623\u0639\u0645\u0627\u0644\u0643 \u0628\u062e\u062f\u0645\u0627\u062a \u0644\u0648\u062c\u0633\u062a\u064a\u0629 \u0623\u0641\u0636\u0644<\/h2>\t\t\t\t<\/div>\n\t\t\t\t<\/div>\n\t\t\t\t<div class=\"elementor-element elementor-element-38b81753 elementor-widget elementor-widget-text-editor\" data-id=\"38b81753\" data-element_type=\"widget\" data-widget_type=\"text-editor.default\">\n\t\t\t\t<div class=\"elementor-widget-container\">\n\t\t\t\t\t\t\t\t\t<p>\u0646\u062d\u0646 \u0646\u0639\u0645\u0644 \u0639\u0644\u0649 \u062a\u0628\u0633\u064a\u0637 \u0625\u062c\u0631\u0627\u0621\u0627\u062a\u0643 \u0627\u0644\u062c\u0645\u0631\u0643\u064a\u0629 \u0648\u0646\u0642\u062f\u0645 \u0644\u0643 \u0627\u0644\u062f\u0639\u0645 \u0641\u064a \u062a\u062d\u0633\u064a\u0646 \u0639\u0645\u0644\u064a\u0627\u062a\u0643 \u0627\u0644\u062a\u062c\u0627\u0631\u064a\u0629.<\/p>\t\t\t\t\t\t\t\t<\/div>\n\t\t\t\t<\/div>\n\t\t\t\t\t<\/div>\n\t\t<\/div>\n\t\t\t\t\t<\/div>\n\t\t<\/section>\n\t\t\t\t<section class=\"elementor-section elementor-inner-section elementor-element elementor-element-52bd061 elementor-section-boxed elementor-section-height-default elementor-section-height-default\" data-id=\"52bd061\" data-element_type=\"section\">\n\t\t\t\t\t\t<div class=\"elementor-container elementor-column-gap-default\">\n\t\t\t\t\t<div class=\"elementor-column elementor-col-50 elementor-inner-column elementor-element elementor-element-95a1eda elementor-invisible\" data-id=\"95a1eda\" data-element_type=\"column\" data-settings=\"{&quot;animation&quot;:&quot;fadeInLeft&quot;,&quot;animation_delay&quot;:720}\">\n\t\t\t<div class=\"elementor-widget-wrap elementor-element-populated\">\n\t\t\t\t\t\t<div class=\"elementor-element elementor-element-3a9d65f ekit-equal-height-disable elementor-widget elementor-widget-elementskit-image-box\" data-id=\"3a9d65f\" data-element_type=\"widget\" data-widget_type=\"elementskit-image-box.default\">\n\t\t\t\t<div class=\"elementor-widget-container\">\n\t\t\t\t\t<div class=\"ekit-wid-con\" >\n            <div class=\"elementskit-info-image-box ekit-image-box text-center simple-card\" >\n\n                \n                <div class=\"elementskit-box-header image-box-img-center\">\n\n                    <img fetchpriority=\"high\" decoding=\"async\" width=\"1778\" height=\"1000\" src=\"https:\/\/rahimatrans.com\/wp-content\/uploads\/2025\/03\/AdobeStock_1185540015.webp\" class=\"attachment-full size-full wp-image-324\" alt=\"\" srcset=\"https:\/\/rahimatrans.com\/wp-content\/uploads\/2025\/03\/AdobeStock_1185540015.webp 1778w, https:\/\/rahimatrans.com\/wp-content\/uploads\/2025\/03\/AdobeStock_1185540015-300x169.webp 300w, https:\/\/rahimatrans.com\/wp-content\/uploads\/2025\/03\/AdobeStock_1185540015-1024x576.webp 1024w, https:\/\/rahimatrans.com\/wp-content\/uploads\/2025\/03\/AdobeStock_1185540015-768x432.webp 768w, https:\/\/rahimatrans.com\/wp-content\/uploads\/2025\/03\/AdobeStock_1185540015-1536x864.webp 1536w\" sizes=\"(max-width: 1778px) 100vw, 1778px\" \/>\n                <\/div>\n                \n                <div class=\"elementskit-box-body ekit-image-box-body\">\n                    <div class=\"elementskit-box-content ekit-image-box-body-inner\">\n                                                <h3 class=\"elementskit-info-box-title\">\n\n                        \u0627\u0644\u062a\u0631\u0627\u0646\u0632\u064a\u062a \u0648\u0627\u0644\u062a\u062e\u0644\u064a\u0635 \u0627\u0644\u062c\u0645\u0631\u0643\u064a\n                        \n                    <\/h3>\n                                                            <div class=\"elementskit-box-style-content\">\n                        \u0646\u062d\u0646 \u0646\u0639\u0645\u0644 \u0639\u0644\u0649 \u062a\u0628\u0633\u064a\u0637 \u0648\u062a\u0633\u0631\u064a\u0639 \u0643\u0627\u0641\u0629 \u0625\u062c\u0631\u0627\u0621\u0627\u062a\u0643 \u0627\u0644\u062c\u0645\u0631\u0643\u064a\u0629 \u0644\u0636\u0645\u0627\u0646 \u0646\u062c\u0627\u062d \u0639\u0645\u0644\u064a\u0627\u062a\u0643 \u0627\u0644\u062a\u062c\u0627\u0631\u064a\u0629.\n                    <\/div>\n                                    <\/div>\n\n                                <div class=\"elementskit-box-footer\">\n                    <div class=\"box-footer\">\n                        <div class=\"btn-wraper\">\n                                                            <a href=\"https:\/\/rahimatrans.com\/ar\/transit-dedouanement\/\" class=\"elementskit-btn whitespace--normal\">\n                                    \n                                    \n                                    \u064a\u062a\u0639\u0644\u0645 \u0623\u0643\u062b\u0631                                <\/a>\n                                                        <\/div>\n                    <\/div>\n                <\/div>\n                            <\/div>\n            <\/div>\n    <\/div>\t\t\t\t<\/div>\n\t\t\t\t<\/div>\n\t\t\t\t\t<\/div>\n\t\t<\/div>\n\t\t\t\t<div class=\"elementor-column elementor-col-50 elementor-inner-column elementor-element elementor-element-3f4e852 elementor-invisible\" data-id=\"3f4e852\" data-element_type=\"column\" data-settings=\"{&quot;animation&quot;:&quot;fadeInLeft&quot;,&quot;animation_delay&quot;:720}\">\n\t\t\t<div class=\"elementor-widget-wrap elementor-element-populated\">\n\t\t\t\t\t\t<div class=\"elementor-element elementor-element-76560ae ekit-equal-height-disable elementor-widget elementor-widget-elementskit-image-box\" data-id=\"76560ae\" data-element_type=\"widget\" data-widget_type=\"elementskit-image-box.default\">\n\t\t\t\t<div class=\"elementor-widget-container\">\n\t\t\t\t\t<div class=\"ekit-wid-con\" >\n            <div class=\"elementskit-info-image-box ekit-image-box text-center simple-card\" >\n\n                \n                <div class=\"elementskit-box-header image-box-img-center\">\n\n                    <img decoding=\"async\" width=\"1778\" height=\"1000\" src=\"https:\/\/rahimatrans.com\/wp-content\/uploads\/2025\/03\/AdobeStock_1185540015-1.webp\" class=\"attachment-full size-full wp-image-329\" alt=\"\" srcset=\"https:\/\/rahimatrans.com\/wp-content\/uploads\/2025\/03\/AdobeStock_1185540015-1.webp 1778w, https:\/\/rahimatrans.com\/wp-content\/uploads\/2025\/03\/AdobeStock_1185540015-1-300x169.webp 300w, https:\/\/rahimatrans.com\/wp-content\/uploads\/2025\/03\/AdobeStock_1185540015-1-1024x576.webp 1024w, https:\/\/rahimatrans.com\/wp-content\/uploads\/2025\/03\/AdobeStock_1185540015-1-768x432.webp 768w, https:\/\/rahimatrans.com\/wp-content\/uploads\/2025\/03\/AdobeStock_1185540015-1-1536x864.webp 1536w\" sizes=\"(max-width: 1778px) 100vw, 1778px\" \/>\n                <\/div>\n                \n                <div class=\"elementskit-box-body ekit-image-box-body\">\n                    <div class=\"elementskit-box-content ekit-image-box-body-inner\">\n                                                <h3 class=\"elementskit-info-box-title\">\n\n                        \u0627\u0644\u0627\u0633\u062a\u0634\u0627\u0631\u0629 \u0648\u0627\u0644\u062f\u0639\u0645\n                        \n                    <\/h3>\n                                                            <div class=\"elementskit-box-style-content\">\n                        \u0646\u062d\u0646 \u0646\u0642\u062f\u0645 \u0644\u0643 \u0627\u0644\u0645\u0633\u0627\u0639\u062f\u0629 \u0627\u0644\u0634\u062e\u0635\u064a\u0629 \u0644\u062a\u062d\u0633\u064a\u0646 \u0639\u0645\u0644\u064a\u0627\u062a \u0639\u0645\u0644\u0643.                    <\/div>\n                                    <\/div>\n\n                                <div class=\"elementskit-box-footer\">\n                    <div class=\"box-footer\">\n                        <div class=\"btn-wraper\">\n                                                            <a href=\"https:\/\/rahimatrans.com\/ar\/consultation-accompagnement\/\" class=\"elementskit-btn whitespace--normal\">\n                                    \n                                    \n                                    \u064a\u062a\u0639\u0644\u0645 \u0623\u0643\u062b\u0631                                <\/a>\n                                                        <\/div>\n                    <\/div>\n                <\/div>\n                            <\/div>\n            <\/div>\n    <\/div>\t\t\t\t<\/div>\n\t\t\t\t<\/div>\n\t\t\t\t\t<\/div>\n\t\t<\/div>\n\t\t\t\t\t<\/div>\n\t\t<\/section>\n\t\t\t\t\t<\/div>\n\t\t<\/div>\n\t\t\t\t\t<\/div>\n\t\t<\/section>\n\t\t\t\t<\/div>","protected":false},"excerpt":{"rendered":"<p>\u0627\u0644\u0635\u0641\u062d\u0629 \u0627\u0644\u0631\u0626\u064a\u0633\u064a\u0629 \u0627\u0644\u062e\u062f\u0645\u0627\u062a \u0644\u0648\u062c\u0633\u062a\u064a\u0627\u062a \u0627\u0644\u062c\u064a\u0644 \u0627\u0644\u0642\u0627\u062f\u0645 \u0645\u0627 \u0646\u0642\u062f\u0645\u0647 \u0639\u0632\u0632 \u0623\u0639\u0645\u0627\u0644\u0643 \u0628\u062e\u062f\u0645\u0627\u062a \u0644\u0648\u062c\u0633\u062a\u064a\u0629 \u0623\u0641\u0636\u0644. \u0646\u064f\u0628\u0633\u0651\u0637 \u0625\u062c\u0631\u0627\u0621\u0627\u062a\u0643 \u0627\u0644\u062c\u0645\u0631\u0643\u064a\u0629 \u0648\u0646\u062f\u0639\u0645\u0643 \u0644\u062a\u062d\u0633\u064a\u0646 \u0639\u0645\u0644\u064a\u0627\u062a\u0643 \u0627\u0644\u062a\u062c\u0627\u0631\u064a\u0629. \u0627\u0644\u062a\u0631\u0627\u0646\u0632\u064a\u062a \u0648\u0627\u0644\u062a\u062e\u0644\u064a\u0635 \u0627\u0644\u062c\u0645\u0631\u0643\u064a. \u0646\u064f\u0628\u0633\u0651\u0637 \u0648\u0646\u064f\u0633\u0631\u0651\u0639 \u062c\u0645\u064a\u0639 \u0625\u062c\u0631\u0627\u0621\u0627\u062a\u0643 \u0627\u0644\u062c\u0645\u0631\u0643\u064a\u0629 \u0644\u0636\u0645\u0627\u0646 \u0646\u062c\u0627\u062d \u0639\u0645\u0644\u064a\u0627\u062a\u0643 \u0627\u0644\u062a\u062c\u0627\u0631\u064a\u0629. \u062a\u0639\u0631\u0651\u0641 \u0639\u0644\u0649 \u0627\u0644\u0645\u0632\u064a\u062f \u0627\u0644\u0627\u0633\u062a\u0634\u0627\u0631\u0627\u062a \u0648\u0627\u0644\u062f\u0639\u0645. [...]<\/p>","protected":false},"author":1,"featured_media":0,"parent":0,"menu_order":0,"comment_status":"closed","ping_status":"closed","template":"","meta":{"footnotes":""},"class_list":["post-708","page","type-page","status-publish","hentry"],"yoast_head":"<!-- This site is optimized with the Yoast SEO plugin v24.9 - https:\/\/yoast.com\/wordpress\/plugins\/seo\/ -->\n<title>Services - RAHIMA TRANS<\/title>\n<meta name=\"robots\" content=\"index, follow, max-snippet:-1, max-image-preview:large, max-video-preview:-1\" \/>\n<link rel=\"canonical\" href=\"https:\/\/rahimatrans.com\/ar\/services\/\" \/>\n<meta property=\"og:locale\" content=\"ar_AR\" \/>\n<meta property=\"og:type\" content=\"article\" \/>\n<meta property=\"og:title\" content=\"Services - RAHIMA TRANS\" \/>\n<meta property=\"og:description\" content=\"Accueil Services Logistique Nouvelle G\u00e9n\u00e9ration Ce Que Nous Proposons Boostez Votre Entreprise Avec Une Meilleure Logistique Nous simplifions vos d\u00e9marches douani\u00e8res et vous accompagnons pour optimiser vos op\u00e9rations commerciales. Transit &amp; D\u00e9douanement Nous simplifions et acc\u00e9l\u00e9rons toutes vos d\u00e9marches douani\u00e8res pour garantir le succ\u00e8s de vos op\u00e9rations commerciales. En savoir plus Consultation &amp; Accompagnement Nous [&hellip;]\" \/>\n<meta property=\"og:url\" content=\"https:\/\/rahimatrans.com\/ar\/services\/\" \/>\n<meta property=\"og:site_name\" content=\"RAHIMA TRANS\" \/>\n<meta property=\"article:modified_time\" content=\"2025-04-02T13:52:27+00:00\" \/>\n<meta property=\"og:image\" content=\"https:\/\/rahimatrans.com\/wp-content\/uploads\/2025\/03\/AdobeStock_1185540015.webp\" \/>\n\t<meta property=\"og:image:width\" content=\"1778\" \/>\n\t<meta property=\"og:image:height\" content=\"1000\" \/>\n\t<meta property=\"og:image:type\" content=\"image\/webp\" \/>\n<meta name=\"twitter:card\" content=\"summary_large_image\" \/>\n<script type=\"application\/ld+json\" class=\"yoast-schema-graph\">{\"@context\":\"https:\/\/schema.org\",\"@graph\":[{\"@type\":\"WebPage\",\"@id\":\"https:\/\/rahimatrans.com\/services\/\",\"url\":\"https:\/\/rahimatrans.com\/services\/\",\"name\":\"Services - RAHIMA TRANS\",\"isPartOf\":{\"@id\":\"https:\/\/rahimatrans.com\/#website\"},\"primaryImageOfPage\":{\"@id\":\"https:\/\/rahimatrans.com\/services\/#primaryimage\"},\"image\":{\"@id\":\"https:\/\/rahimatrans.com\/services\/#primaryimage\"},\"thumbnailUrl\":\"https:\/\/rahimatrans.com\/wp-content\/uploads\/2025\/03\/AdobeStock_1185540015.webp\",\"datePublished\":\"2025-03-16T17:36:01+00:00\",\"dateModified\":\"2025-04-02T13:52:27+00:00\",\"breadcrumb\":{\"@id\":\"https:\/\/rahimatrans.com\/services\/#breadcrumb\"},\"inLanguage\":\"ar\",\"potentialAction\":[{\"@type\":\"ReadAction\",\"target\":[\"https:\/\/rahimatrans.com\/services\/\"]}]},{\"@type\":\"ImageObject\",\"inLanguage\":\"ar\",\"@id\":\"https:\/\/rahimatrans.com\/services\/#primaryimage\",\"url\":\"https:\/\/rahimatrans.com\/wp-content\/uploads\/2025\/03\/AdobeStock_1185540015.webp\",\"contentUrl\":\"https:\/\/rahimatrans.com\/wp-content\/uploads\/2025\/03\/AdobeStock_1185540015.webp\"},{\"@type\":\"BreadcrumbList\",\"@id\":\"https:\/\/rahimatrans.com\/services\/#breadcrumb\",\"itemListElement\":[{\"@type\":\"ListItem\",\"position\":1,\"name\":\"Home\",\"item\":\"https:\/\/rahimatrans.com\/\"},{\"@type\":\"ListItem\",\"position\":2,\"name\":\"Services\"}]},{\"@type\":\"WebSite\",\"@id\":\"https:\/\/rahimatrans.com\/#website\",\"url\":\"https:\/\/rahimatrans.com\/\",\"name\":\"RAHIMA Trans\",\"description\":\"\",\"publisher\":{\"@id\":\"https:\/\/rahimatrans.com\/#organization\"},\"potentialAction\":[{\"@type\":\"SearchAction\",\"target\":{\"@type\":\"EntryPoint\",\"urlTemplate\":\"https:\/\/rahimatrans.com\/?s={search_term_string}\"},\"query-input\":{\"@type\":\"PropertyValueSpecification\",\"valueRequired\":true,\"valueName\":\"search_term_string\"}}],\"inLanguage\":\"ar\"},{\"@type\":\"Organization\",\"@id\":\"https:\/\/rahimatrans.com\/#organization\",\"name\":\"RAHIMA Trans\",\"url\":\"https:\/\/rahimatrans.com\/\",\"logo\":{\"@type\":\"ImageObject\",\"inLanguage\":\"ar\",\"@id\":\"https:\/\/rahimatrans.com\/#\/schema\/logo\/image\/\",\"url\":\"https:\/\/rahimatrans.com\/wp-content\/uploads\/2025\/03\/cropped-image.webp\",\"contentUrl\":\"https:\/\/rahimatrans.com\/wp-content\/uploads\/2025\/03\/cropped-image.webp\",\"width\":463,\"height\":96,\"caption\":\"RAHIMA Trans\"},\"image\":{\"@id\":\"https:\/\/rahimatrans.com\/#\/schema\/logo\/image\/\"}}]}<\/script>\n<!-- \/ Yoast SEO plugin. -->","yoast_head_json":{"title":"Services - RAHIMA TRANS","robots":{"index":"index","follow":"follow","max-snippet":"max-snippet:-1","max-image-preview":"max-image-preview:large","max-video-preview":"max-video-preview:-1"},"canonical":"https:\/\/rahimatrans.com\/ar\/services\/","og_locale":"ar_AR","og_type":"article","og_title":"Services - RAHIMA TRANS","og_description":"Accueil Services Logistique Nouvelle G\u00e9n\u00e9ration Ce Que Nous Proposons Boostez Votre Entreprise Avec Une Meilleure Logistique Nous simplifions vos d\u00e9marches douani\u00e8res et vous accompagnons pour optimiser vos op\u00e9rations commerciales. Transit &amp; D\u00e9douanement Nous simplifions et acc\u00e9l\u00e9rons toutes vos d\u00e9marches douani\u00e8res pour garantir le succ\u00e8s de vos op\u00e9rations commerciales. En savoir plus Consultation &amp; Accompagnement Nous [&hellip;]","og_url":"https:\/\/rahimatrans.com\/ar\/services\/","og_site_name":"RAHIMA TRANS","article_modified_time":"2025-04-02T13:52:27+00:00","og_image":[{"width":1778,"height":1000,"url":"https:\/\/rahimatrans.com\/wp-content\/uploads\/2025\/03\/AdobeStock_1185540015.webp","type":"image\/webp"}],"twitter_card":"summary_large_image","schema":{"@context":"https:\/\/schema.org","@graph":[{"@type":"WebPage","@id":"https:\/\/rahimatrans.com\/services\/","url":"https:\/\/rahimatrans.com\/services\/","name":"Services - RAHIMA TRANS","isPartOf":{"@id":"https:\/\/rahimatrans.com\/#website"},"primaryImageOfPage":{"@id":"https:\/\/rahimatrans.com\/services\/#primaryimage"},"image":{"@id":"https:\/\/rahimatrans.com\/services\/#primaryimage"},"thumbnailUrl":"https:\/\/rahimatrans.com\/wp-content\/uploads\/2025\/03\/AdobeStock_1185540015.webp","datePublished":"2025-03-16T17:36:01+00:00","dateModified":"2025-04-02T13:52:27+00:00","breadcrumb":{"@id":"https:\/\/rahimatrans.com\/services\/#breadcrumb"},"inLanguage":"ar","potentialAction":[{"@type":"ReadAction","target":["https:\/\/rahimatrans.com\/services\/"]}]},{"@type":"ImageObject","inLanguage":"ar","@id":"https:\/\/rahimatrans.com\/services\/#primaryimage","url":"https:\/\/rahimatrans.com\/wp-content\/uploads\/2025\/03\/AdobeStock_1185540015.webp","contentUrl":"https:\/\/rahimatrans.com\/wp-content\/uploads\/2025\/03\/AdobeStock_1185540015.webp"},{"@type":"BreadcrumbList","@id":"https:\/\/rahimatrans.com\/services\/#breadcrumb","itemListElement":[{"@type":"ListItem","position":1,"name":"Home","item":"https:\/\/rahimatrans.com\/"},{"@type":"ListItem","position":2,"name":"Services"}]},{"@type":"WebSite","@id":"https:\/\/rahimatrans.com\/#website","url":"https:\/\/rahimatrans.com\/","name":"RAHIMA Trans","description":"","publisher":{"@id":"https:\/\/rahimatrans.com\/#organization"},"potentialAction":[{"@type":"SearchAction","target":{"@type":"EntryPoint","urlTemplate":"https:\/\/rahimatrans.com\/?s={search_term_string}"},"query-input":{"@type":"PropertyValueSpecification","valueRequired":true,"valueName":"search_term_string"}}],"inLanguage":"ar"},{"@type":"Organization","@id":"https:\/\/rahimatrans.com\/#organization","name":"RAHIMA Trans","url":"https:\/\/rahimatrans.com\/","logo":{"@type":"ImageObject","inLanguage":"ar","@id":"https:\/\/rahimatrans.com\/#\/schema\/logo\/image\/","url":"https:\/\/rahimatrans.com\/wp-content\/uploads\/2025\/03\/cropped-image.webp","contentUrl":"https:\/\/rahimatrans.com\/wp-content\/uploads\/2025\/03\/cropped-image.webp","width":463,"height":96,"caption":"RAHIMA Trans"},"image":{"@id":"https:\/\/rahimatrans.com\/#\/schema\/logo\/image\/"}}]}},"_links":{"self":[{"href":"https:\/\/rahimatrans.com\/ar\/wp-json\/wp\/v2\/pages\/708","targetHints":{"allow":["GET"]}}],"collection":[{"href":"https:\/\/rahimatrans.com\/ar\/wp-json\/wp\/v2\/pages"}],"about":[{"href":"https:\/\/rahimatrans.com\/ar\/wp-json\/wp\/v2\/types\/page"}],"author":[{"embeddable":true,"href":"https:\/\/rahimatrans.com\/ar\/wp-json\/wp\/v2\/users\/1"}],"replies":[{"embeddable":true,"href":"https:\/\/rahimatrans.com\/ar\/wp-json\/wp\/v2\/comments?post=708"}],"version-history":[{"count":16,"href":"https:\/\/rahimatrans.com\/ar\/wp-json\/wp\/v2\/pages\/708\/revisions"}],"predecessor-version":[{"id":880,"href":"https:\/\/rahimatrans.com\/ar\/wp-json\/wp\/v2\/pages\/708\/revisions\/880"}],"wp:attachment":[{"href":"https:\/\/rahimatrans.com\/ar\/wp-json\/wp\/v2\/media?parent=708"}],"curies":[{"name":"wp","href":"https:\/\/api.w.org\/{rel}","templated":true}]}}