{"id":786,"date":"2025-03-17T15:49:25","date_gmt":"2025-03-17T15:49:25","guid":{"rendered":"https:\/\/rahimatrans.com\/?page_id=786"},"modified":"2025-03-17T15:55:22","modified_gmt":"2025-03-17T15:55:22","slug":"confidentialite","status":"publish","type":"page","link":"https:\/\/rahimatrans.com\/ar\/confidentialite\/","title":{"rendered":"\u0627\u0644\u0633\u0631\u064a\u0629"},"content":{"rendered":"<div data-elementor-type=\"wp-page\" data-elementor-id=\"786\" class=\"elementor elementor-786\" data-elementor-post-type=\"page\">\n\t\t\t\t\t\t<section class=\"elementor-section elementor-top-section elementor-element elementor-element-7e67256d elementor-section-boxed elementor-section-height-default elementor-section-height-default\" data-id=\"7e67256d\" data-element_type=\"section\" data-settings=\"{&quot;background_background&quot;:&quot;classic&quot;}\">\n\t\t\t\t\t\t\t<div class=\"elementor-background-overlay\"><\/div>\n\t\t\t\t\t\t\t<div class=\"elementor-container elementor-column-gap-default\">\n\t\t\t\t\t<div class=\"elementor-column elementor-col-100 elementor-top-column elementor-element elementor-element-6c2b43f\" data-id=\"6c2b43f\" data-element_type=\"column\">\n\t\t\t<div class=\"elementor-widget-wrap elementor-element-populated\">\n\t\t\t\t\t\t<div class=\"elementor-element elementor-element-3abba970 elementor-icon-list--layout-inline elementor-align-center elementor-list-item-link-full_width elementor-invisible elementor-widget elementor-widget-icon-list\" data-id=\"3abba970\" data-element_type=\"widget\" data-settings=\"{&quot;_animation&quot;:&quot;fadeInDown&quot;}\" data-widget_type=\"icon-list.default\">\n\t\t\t\t<div class=\"elementor-widget-container\">\n\t\t\t\t\t\t\t<ul class=\"elementor-icon-list-items elementor-inline-items\">\n\t\t\t\t\t\t\t<li class=\"elementor-icon-list-item elementor-inline-item\">\n\t\t\t\t\t\t\t\t\t\t\t<a href=\"\/ar\/\">\n\n\t\t\t\t\t\t\t\t\t\t\t<span class=\"elementor-icon-list-text\">\u0645\u0631\u062d\u0628\u0627\u064b<\/span>\n\t\t\t\t\t\t\t\t\t\t\t<\/a>\n\t\t\t\t\t\t\t\t\t<\/li>\n\t\t\t\t\t\t\t\t<li class=\"elementor-icon-list-item elementor-inline-item\">\n\t\t\t\t\t\t\t\t\t\t\t<span class=\"elementor-icon-list-icon\">\n\t\t\t\t\t\t\t<i aria-hidden=\"true\" class=\"ti-arrow-top-right\"><\/i>\t\t\t\t\t\t<\/span>\n\t\t\t\t\t\t\t\t\t\t<span class=\"elementor-icon-list-text\">\u0627\u0644\u0633\u0631\u064a\u0629<\/span>\n\t\t\t\t\t\t\t\t\t<\/li>\n\t\t\t\t\t\t<\/ul>\n\t\t\t\t\t\t<\/div>\n\t\t\t\t<\/div>\n\t\t\t\t<div class=\"elementor-element elementor-element-6e0c92fb elementor-invisible elementor-widget elementor-widget-heading\" data-id=\"6e0c92fb\" data-element_type=\"widget\" data-settings=\"{&quot;_animation&quot;:&quot;fadeInUp&quot;}\" data-widget_type=\"heading.default\">\n\t\t\t\t<div class=\"elementor-widget-container\">\n\t\t\t\t\t<h2 class=\"elementor-heading-title elementor-size-default\">\u0627\u0644\u0633\u0631\u064a\u0629<\/h2>\t\t\t\t<\/div>\n\t\t\t\t<\/div>\n\t\t\t\t\t<\/div>\n\t\t<\/div>\n\t\t\t\t\t<\/div>\n\t\t<\/section>\n\t\t\t\t<section class=\"elementor-section elementor-top-section elementor-element elementor-element-65b211fd elementor-section-boxed elementor-section-height-default elementor-section-height-default\" data-id=\"65b211fd\" data-element_type=\"section\">\n\t\t\t\t\t\t<div class=\"elementor-container elementor-column-gap-default\">\n\t\t\t\t\t<div class=\"elementor-column elementor-col-100 elementor-top-column elementor-element elementor-element-6a9a2451\" data-id=\"6a9a2451\" data-element_type=\"column\" data-settings=\"{&quot;animation&quot;:&quot;none&quot;}\">\n\t\t\t<div class=\"elementor-widget-wrap elementor-element-populated\">\n\t\t\t\t\t\t<div class=\"elementor-element elementor-element-43c342b3 elementor-widget elementor-widget-heading\" data-id=\"43c342b3\" data-element_type=\"widget\" data-widget_type=\"heading.default\">\n\t\t\t\t<div class=\"elementor-widget-container\">\n\t\t\t\t\t<h2 class=\"elementor-heading-title elementor-size-default\">\u0627\u0644\u0633\u0631\u064a\u0629<\/h2>\t\t\t\t<\/div>\n\t\t\t\t<\/div>\n\t\t\t\t<div class=\"elementor-element elementor-element-13bd62a elementor-widget elementor-widget-text-editor\" data-id=\"13bd62a\" data-element_type=\"widget\" data-widget_type=\"text-editor.default\">\n\t\t\t\t<div class=\"elementor-widget-container\">\n\t\t\t\t\t\t\t\t\t<p>\u0641\u064a \u0628\u064a\u062a <strong>\u0634\u0631\u0643\u0629 \u0631\u062d\u064a\u0645\u0629 \u062a\u0631\u0627\u0646\u0633 \u0634.\u0645.\u0645<\/strong>\u0646\u062d\u0646 \u0646\u0648\u0644\u064a \u0623\u0647\u0645\u064a\u0629 \u0643\u0628\u064a\u0631\u0629 \u0644\u0633\u0631\u064a\u0629 \u0648\u062d\u0645\u0627\u064a\u0629 \u0628\u064a\u0627\u0646\u0627\u062a \u0639\u0645\u0644\u0627\u0626\u0646\u0627 \u0648\u0634\u0631\u0643\u0627\u0626\u0646\u0627. \u0627\u0644\u062a\u0632\u0627\u0645\u0646\u0627 \u0647\u0648 \u0636\u0645\u0627\u0646 \u0623\u0645\u0646 \u0627\u0644\u0645\u0639\u0644\u0648\u0645\u0627\u062a \u0627\u0644\u0634\u062e\u0635\u064a\u0629 \u0648\u0627\u0644\u062a\u062c\u0627\u0631\u064a\u0629 \u0627\u0644\u062a\u064a \u0646\u0639\u0627\u0644\u062c\u0647\u0627 \u0641\u064a \u0633\u064a\u0627\u0642 \u062e\u062f\u0645\u0627\u062a\u0646\u0627. <strong>\u0627\u0644\u0646\u0642\u0644 \u0648\u0627\u0644\u062a\u062e\u0644\u064a\u0635 \u0627\u0644\u062c\u0645\u0631\u0643\u064a \u0648\u0627\u0644\u0627\u0633\u062a\u0634\u0627\u0631\u0627\u062a \u0648\u0627\u0644\u062f\u0639\u0645<\/strong>.<\/p><h3><strong>\u062c\u0645\u0639 \u0627\u0644\u0628\u064a\u0627\u0646\u0627\u062a \u0648\u0627\u0633\u062a\u062e\u062f\u0627\u0645\u0647\u0627<\/strong><\/h3><p>\u0646\u0642\u0648\u0645 \u0641\u0642\u0637 \u0628\u062c\u0645\u0639 \u0627\u0644\u0645\u0639\u0644\u0648\u0645\u0627\u062a \u0627\u0644\u0636\u0631\u0648\u0631\u064a\u0629 \u0644\u062a\u0642\u062f\u064a\u0645 \u062e\u062f\u0645\u0627\u062a\u0646\u0627 \u0648\u062a\u062d\u0633\u064a\u0646 \u062a\u062c\u0631\u0628\u0629 \u0627\u0644\u0639\u0645\u0644\u0627\u0621. \u0648\u0642\u062f \u064a\u0634\u0645\u0644 \u0647\u0630\u0627:<\/p><ul><li>\u0628\u064a\u0627\u0646\u0627\u062a \u0627\u0644\u0627\u062a\u0635\u0627\u0644 \u0628\u0627\u0644\u0639\u0645\u064a\u0644 (\u0627\u0644\u0627\u0633\u0645\u060c \u0627\u0644\u0639\u0646\u0648\u0627\u0646\u060c \u0627\u0644\u0647\u0627\u062a\u0641\u060c \u0627\u0644\u0628\u0631\u064a\u062f \u0627\u0644\u0625\u0644\u0643\u062a\u0631\u0648\u0646\u064a)<\/li><li>\u0627\u0644\u0645\u0639\u0644\u0648\u0645\u0627\u062a \u0627\u0644\u0645\u062a\u0639\u0644\u0642\u0629 \u0628\u0639\u0645\u0644\u064a\u0627\u062a \u0627\u0644\u0639\u0628\u0648\u0631 \u0648\u0627\u0644\u062c\u0645\u0627\u0631\u0643<\/li><li>\u0627\u0644\u0645\u0633\u062a\u0646\u062f\u0627\u062a \u0627\u0644\u0625\u062f\u0627\u0631\u064a\u0629 \u0627\u0644\u0645\u0637\u0644\u0648\u0628\u0629 \u0644\u0625\u062c\u0631\u0627\u0621\u0627\u062a \u0627\u0644\u0627\u0633\u062a\u064a\u0631\u0627\u062f \u0648\u0627\u0644\u062a\u0635\u062f\u064a\u0631<\/li><li>\u0627\u0644\u0628\u064a\u0627\u0646\u0627\u062a \u0627\u0644\u062a\u064a \u062a\u0645 \u062c\u0645\u0639\u0647\u0627 \u0639\u0628\u0631 \u0645\u0646\u0635\u0627\u062a\u0646\u0627 \u0648\u0623\u062f\u0648\u0627\u062a\u0646\u0627 \u0627\u0644\u0631\u0642\u0645\u064a\u0629 \u0644\u0636\u0645\u0627\u0646 \u0627\u0644\u0645\u0631\u0627\u0642\u0628\u0629 \u0627\u0644\u0641\u0639\u0627\u0644\u0629 \u0644\u0644\u0639\u0645\u0644\u064a\u0627\u062a<\/li><\/ul><p>\u064a\u062a\u0645 \u0627\u0633\u062a\u062e\u062f\u0627\u0645 \u0643\u0627\u0641\u0629 \u0627\u0644\u0645\u0639\u0644\u0648\u0645\u0627\u062a \u0644\u0623\u063a\u0631\u0627\u0636 \u062e\u062f\u0645\u0627\u062a\u0646\u0627 \u0641\u0642\u0637 <strong>\u0644\u0627 \u064a\u062a\u0645 \u0628\u064a\u0639\u0647\u0627 \u0623\u0648 \u0645\u0634\u0627\u0631\u0643\u062a\u0647\u0627 \u0645\u0639 \u0623\u0637\u0631\u0627\u0641 \u062b\u0627\u0644\u062b\u0629 \u062f\u0648\u0646 \u0645\u0648\u0627\u0641\u0642\u0629 \u0645\u0633\u0628\u0642\u0629<\/strong>\u060c \u0628\u0627\u0633\u062a\u062b\u0646\u0627\u0621 \u0627\u0644\u0627\u0644\u062a\u0632\u0627\u0645\u0627\u062a \u0627\u0644\u0642\u0627\u0646\u0648\u0646\u064a\u0629 \u0623\u0648 \u0627\u0644\u062a\u0646\u0638\u064a\u0645\u064a\u0629.<\/p><h3><strong>\u062d\u0645\u0627\u064a\u0629 \u0627\u0644\u0628\u064a\u0627\u0646\u0627\u062a<\/strong><\/h3><p>\u0646\u062d\u0646 \u0646\u0637\u0628\u0642 \u062a\u062f\u0627\u0628\u064a\u0631 \u0623\u0645\u0646\u064a\u0629 \u0645\u062a\u0642\u062f\u0645\u0629 \u0644\u062d\u0645\u0627\u064a\u0629 \u0645\u0639\u0644\u0648\u0645\u0627\u062a \u0639\u0645\u0644\u0627\u0626\u0646\u0627 \u0645\u0646 \u0627\u0644\u0648\u0635\u0648\u0644 \u063a\u064a\u0631 \u0627\u0644\u0645\u0635\u0631\u062d \u0628\u0647 \u0623\u0648 \u0627\u0644\u062a\u0639\u062f\u064a\u0644 \u0623\u0648 \u0627\u0644\u0643\u0634\u0641 \u0623\u0648 \u0627\u0644\u062a\u062f\u0645\u064a\u0631. \u064a\u062e\u0636\u0639 \u0645\u0648\u0638\u0641\u0648\u0646\u0627 \u0648\u0634\u0631\u0643\u0627\u0624\u0646\u0627 \u0644\u0640 <strong>\u0627\u0644\u062a\u0632\u0627\u0645\u0627\u062a \u0627\u0644\u0633\u0631\u064a\u0629 \u0627\u0644\u0635\u0627\u0631\u0645\u0629<\/strong>.<\/p><h3><strong>\u0645\u0634\u0627\u0631\u0643\u0629 \u0627\u0644\u0628\u064a\u0627\u0646\u0627\u062a<\/strong><\/h3><p>\u0643\u062c\u0632\u0621 \u0645\u0646 \u0623\u0646\u0634\u0637\u062a\u0646\u0627\u060c \u0642\u062f \u064a\u064f\u0637\u0644\u0628 \u0645\u0646\u0627 \u0645\u0634\u0627\u0631\u0643\u0629 \u0645\u0639\u0644\u0648\u0645\u0627\u062a \u0645\u0639\u064a\u0646\u0629 \u0645\u0639:<\/p><ul><li>\u0627\u0644 <strong>\u0627\u0644\u0633\u0644\u0637\u0627\u062a \u0627\u0644\u062c\u0645\u0631\u0643\u064a\u0629 \u0648\u0627\u0644\u0625\u062f\u0627\u0631\u064a\u0629<\/strong> \u0644\u0644\u062a\u062d\u0642\u0642 \u0645\u0646 \u0635\u062d\u0629 \u0627\u0644\u0639\u0645\u0644\u064a\u0627\u062a<\/li><li>\u0645\u0644\u0643\u0646\u0627 <strong>\u0634\u0631\u0643\u0627\u0621 \u0627\u0644\u062e\u062f\u0645\u0627\u062a \u0627\u0644\u0644\u0648\u062c\u0633\u062a\u064a\u0629<\/strong> \u0645\u0646 \u0623\u062c\u0644 \u0636\u0645\u0627\u0646 \u062d\u0633\u0646 \u0633\u064a\u0631 \u0627\u0644\u0645\u0639\u0627\u0645\u0644\u0627\u062a<\/li><li>\u0627\u0644 <strong>\u0627\u0644\u0645\u0646\u0635\u0627\u062a \u0627\u0644\u0631\u0633\u0645\u064a\u0629<\/strong> \u0645\u062b\u0644 <strong>\u0628\u0648\u0631\u062a\u0646\u062a<\/strong> \u0648 <strong>\u0628\u062f\u0631<\/strong> \u0644\u0627\u0633\u062a\u0643\u0645\u0627\u0644 \u0627\u0644\u0625\u062c\u0631\u0627\u0621\u0627\u062a \u0627\u0644\u0645\u0637\u0644\u0648\u0628\u0629<\/li><\/ul><p>\u064a\u062a\u0645 \u0646\u0642\u0644 \u0623\u064a \u0645\u0639\u0644\u0648\u0645\u0627\u062a \u0648\u0641\u0642\u064b\u0627 \u0644\u0640 <strong>\u0645\u0639\u0627\u064a\u064a\u0631 \u0627\u0644\u062e\u0635\u0648\u0635\u064a\u0629 \u0648\u0627\u0644\u0623\u0645\u0627\u0646<\/strong> \u0628\u0627\u0644\u0642\u0648\u0629.<\/p><h3><strong>\u0641\u062a\u0631\u0629 \u0627\u0644\u0627\u062d\u062a\u0641\u0627\u0638 \u0628\u0627\u0644\u0628\u064a\u0627\u0646\u0627\u062a<\/strong><\/h3><p>\u064a\u062a\u0645 \u0627\u0644\u0627\u062d\u062a\u0641\u0627\u0638 \u0628\u0627\u0644\u0645\u0639\u0644\u0648\u0645\u0627\u062a \u0627\u0644\u062a\u064a \u062a\u0645 \u062c\u0645\u0639\u0647\u0627 <strong>\u0627\u0644\u0648\u0642\u062a \u0627\u0644\u0645\u0637\u0644\u0648\u0628 \u0644\u0623\u062f\u0627\u0621 \u0627\u0644\u062e\u062f\u0645\u0627\u062a<\/strong> \u0648\u0648\u0641\u0642\u0627 \u0644\u0644\u0627\u0644\u062a\u0632\u0627\u0645\u0627\u062a \u0627\u0644\u0642\u0627\u0646\u0648\u0646\u064a\u0629 \u0627\u0644\u0645\u062a\u0639\u0644\u0642\u0629 \u0628\u0627\u0644\u0627\u062d\u062a\u0641\u0627\u0638 \u0628\u0627\u0644\u0648\u062b\u0627\u0626\u0642 \u0627\u0644\u0625\u062f\u0627\u0631\u064a\u0629 \u0648\u0627\u0644\u0645\u062d\u0627\u0633\u0628\u064a\u0629.<\/p><h3><strong>\u062d\u0642\u0648\u0642 \u0627\u0644\u0645\u0633\u062a\u062e\u062f\u0645<\/strong><\/h3><p>\u0648\u0641\u0642\u064b\u0627 \u0644\u0644\u0648\u0627\u0626\u062d \u0627\u0644\u062d\u0627\u0644\u064a\u0629\u060c \u064a\u062a\u0645\u062a\u0639 \u0639\u0645\u0644\u0627\u0624\u0646\u0627 \u0628\u0627\u0644\u062d\u0642\u0648\u0642 \u0627\u0644\u062a\u0627\u0644\u064a\u0629:<\/p><ul><li><strong>\u0627\u0644\u0648\u0635\u0648\u0644 \u0648\u0627\u0644\u0627\u0633\u062a\u0634\u0627\u0631\u0629<\/strong> \u0645\u0646 \u0628\u064a\u0627\u0646\u0627\u062a\u0647\u0645 \u0627\u0644\u0634\u062e\u0635\u064a\u0629<\/li><li><strong>\u0627\u0644\u062a\u0639\u062f\u064a\u0644 \u0648\u0627\u0644\u062a\u062d\u062f\u064a\u062b<\/strong> \u0645\u0639\u0644\u0648\u0645\u0627\u062a \u0639\u0646\u0647\u0645<\/li><li><strong>\u0637\u0644\u0628 \u0627\u0644\u062d\u0630\u0641<\/strong> \u0627\u0644\u0628\u064a\u0627\u0646\u0627\u062a \u062a\u062e\u0636\u0639 \u0644\u0645\u062a\u0637\u0644\u0628\u0627\u062a \u0627\u0644\u0627\u062d\u062a\u0641\u0627\u0638 \u0627\u0644\u0642\u0627\u0646\u0648\u0646\u064a\u0629<\/li><\/ul><p>\u0644\u0645\u0645\u0627\u0631\u0633\u0629 \u0647\u0630\u0647 \u0627\u0644\u062d\u0642\u0648\u0642\u060c \u0645\u0627 \u0639\u0644\u064a\u0643 \u0633\u0648\u0649 \u0627\u0644\u0627\u062a\u0635\u0627\u0644 \u0628\u0646\u0627 \u0639\u0628\u0631 <strong><a href=\"mailto:rahimatrans@gmail.com\">rahimatrans@gmail.com<\/a><\/strong>.<\/p><h3><strong>\u0645\u0644\u0641\u0627\u062a \u062a\u0639\u0631\u064a\u0641 \u0627\u0644\u0627\u0631\u062a\u0628\u0627\u0637 \u0648\u062a\u0642\u0646\u064a\u0627\u062a \u0627\u0644\u062a\u062a\u0628\u0639<\/strong><\/h3><p>\u0642\u062f \u064a\u0633\u062a\u062e\u062f\u0645 \u0645\u0648\u0642\u0639\u0646\u0627 <strong>\u0645\u0644\u0641\u0627\u062a \u062a\u0639\u0631\u064a\u0641 \u0627\u0644\u0627\u0631\u062a\u0628\u0627\u0637 \u0648\u0623\u062f\u0648\u0627\u062a \u0627\u0644\u062a\u062d\u0644\u064a\u0644<\/strong> \u0644\u062a\u062d\u0633\u064a\u0646 \u062a\u062c\u0631\u0628\u0629 \u0627\u0644\u0645\u0633\u062a\u062e\u062f\u0645 \u0648\u062a\u062d\u0633\u064a\u0646 \u062e\u062f\u0645\u0627\u062a\u0646\u0627. \u062a\u0633\u0645\u062d \u0644\u0646\u0627 \u0647\u0630\u0647 \u0627\u0644\u0623\u062f\u0648\u0627\u062a \u0628\u062a\u062a\u0628\u0639 \u0627\u0644\u0646\u0634\u0627\u0637 \u0639\u0644\u0649 \u0645\u0648\u0642\u0639\u0646\u0627 \u0628\u0634\u0643\u0644 \u0645\u062c\u0647\u0648\u0644. \u064a\u0645\u0643\u0646 \u0644\u0644\u0645\u0633\u062a\u062e\u062f\u0645 \u0641\u064a \u0623\u064a \u0648\u0642\u062a <strong>\u0642\u0645 \u0628\u062a\u0643\u0648\u064a\u0646 \u0645\u062a\u0635\u0641\u062d\u0643<\/strong> \u0631\u0641\u0636 \u0623\u0648 \u062d\u0630\u0641 \u0645\u0644\u0641\u0627\u062a \u062a\u0639\u0631\u064a\u0641 \u0627\u0644\u0627\u0631\u062a\u0628\u0627\u0637.<\/p><h3><strong>\u062a\u063a\u064a\u064a\u0631\u0627\u062a \u0639\u0644\u0649 \u0633\u064a\u0627\u0633\u0629 \u0627\u0644\u062e\u0635\u0648\u0635\u064a\u0629<\/strong><\/h3><p>\u062a\u062d\u062a\u0641\u0638 \u0634\u0631\u0643\u0629 RAHIMA TRANS SARL \u0628\u0627\u0644\u062d\u0642 \u0641\u064a \u062a\u0639\u062f\u064a\u0644 \u0633\u064a\u0627\u0633\u0629 \u0627\u0644\u0633\u0631\u064a\u0629 \u0647\u0630\u0647 \u0628\u0646\u0627\u0621\u064b \u0639\u0644\u0649 \u0627\u0644\u062a\u0637\u0648\u0631\u0627\u062a \u0627\u0644\u062a\u0646\u0638\u064a\u0645\u064a\u0629 \u0648\u0627\u0644\u062a\u0643\u0646\u0648\u0644\u0648\u062c\u064a\u0629. \u0633\u064a\u062a\u0645 \u0625\u0628\u0644\u0627\u063a \u0639\u0645\u0644\u0627\u0626\u0646\u0627 \u0628\u0623\u064a \u062a\u062d\u062f\u064a\u062b\u0627\u062a \u0639\u0628\u0631 \u0645\u0648\u0642\u0639\u0646\u0627 \u0627\u0644\u0625\u0644\u0643\u062a\u0631\u0648\u0646\u064a \u0623\u0648 \u0639\u0628\u0631 \u0627\u0644\u0628\u0631\u064a\u062f \u0627\u0644\u0625\u0644\u0643\u062a\u0631\u0648\u0646\u064a.<\/p><h3><strong>\u0627\u062a\u0635\u0627\u0644<\/strong><\/h3><p>\u0644\u0623\u064a \u0627\u0633\u062a\u0641\u0633\u0627\u0631 \u0628\u062e\u0635\u0648\u0635 \u0633\u064a\u0627\u0633\u0629 \u0627\u0644\u062e\u0635\u0648\u0635\u064a\u0629 \u0644\u062f\u064a\u0646\u0627\u060c \u064a\u0631\u062c\u0649 \u0627\u0644\u0627\u062a\u0635\u0627\u0644 \u0628\u0646\u0627:<\/p><p>\ud83d\udccd <strong>\u0639\u0646\u0648\u0627\u0646<\/strong> :\u0623\u0641. \u0645\u0648\u0644\u0627\u064a \u064a\u0648\u0633\u0641\u060c \u0625\u0645 \u064a\u0627\u0633\u064a\u0646 2\u060c \u0627\u0644\u0637\u0627\u0628\u0642 \u0627\u0644\u0623\u0648\u0644 \u0631\u0642\u0645 9\u060c \u0637\u0646\u062c\u0629\u060c \u0627\u0644\u0645\u063a\u0631\u0628<br \/>\ud83d\udce7 <strong>\u0628\u0631\u064a\u062f \u0625\u0644\u0643\u062a\u0631\u0648\u0646\u064a<\/strong> : <a href=\"mailto:rahimatrans@gmail.com\">rahimatrans@gmail.com<\/a> | <a href=\"mailto:finance@rahimatrans.com\">\u0627\u0644\u062a\u0645\u0648\u064a\u0644@rahimatrans.com<\/a><br \/>\ud83d\udcde <strong>\u0647\u0627\u062a\u0641<\/strong> : +212 5 39 32 10 40 \/ +212 6 61 08 77 73<\/p><p>\u0646\u062d\u0646 \u0645\u0644\u062a\u0632\u0645\u0648\u0646 \u0628\u062d\u0645\u0627\u064a\u0629 \u0628\u064a\u0627\u0646\u0627\u062a\u0643 \u0648\u062a\u0632\u0648\u064a\u062f\u0643 \u0628\u062e\u062f\u0645\u0629 \u0639\u0627\u0644\u064a\u0629 \u0627\u0644\u062c\u0648\u062f\u0629 \u0645\u0639 \u0627\u0644\u0634\u0641\u0627\u0641\u064a\u0629 \u0627\u0644\u0643\u0627\u0645\u0644\u0629. \ud83d\ude80<\/p>\t\t\t\t\t\t\t\t<\/div>\n\t\t\t\t<\/div>\n\t\t\t\t\t<\/div>\n\t\t<\/div>\n\t\t\t\t\t<\/div>\n\t\t<\/section>\n\t\t\t\t<\/div>","protected":false},"excerpt":{"rendered":"<p>\u0627\u0644\u0631\u0626\u064a\u0633\u064a\u0629 | \u0627\u0644\u062e\u0635\u0648\u0635\u064a\u0629 | \u0627\u0644\u062e\u0635\u0648\u0635\u064a\u0629 | \u0627\u0644\u062e\u0635\u0648\u0635\u064a\u0629. \u0641\u064a \u0634\u0631\u0643\u0629 \u0631\u062d\u064a\u0645\u0629 \u062a\u0631\u0627\u0646\u0633 \u0634.\u0630.\u0645.\u0645\u060c \u0646\u0648\u0644\u064a \u0623\u0647\u0645\u064a\u0629 \u0642\u0635\u0648\u0649 \u0644\u0633\u0631\u064a\u0629 \u0648\u062d\u0645\u0627\u064a\u0629 \u0628\u064a\u0627\u0646\u0627\u062a \u0639\u0645\u0644\u0627\u0626\u0646\u0627 \u0648\u0634\u0631\u0643\u0627\u0626\u0646\u0627. \u0646\u0644\u062a\u0632\u0645 \u0628\u0636\u0645\u0627\u0646 \u0623\u0645\u0646 \u0627\u0644\u0645\u0639\u0644\u0648\u0645\u0627\u062a \u0627\u0644\u0634\u062e\u0635\u064a\u0629 \u0648\u0627\u0644\u062a\u062c\u0627\u0631\u064a\u0629 \u0627\u0644\u062a\u064a \u0646\u0639\u0627\u0644\u062c\u0647\u0627 \u0641\u064a \u0625\u0637\u0627\u0631 \u062e\u062f\u0645\u0627\u062a\u0646\u0627 \u0641\u064a \u0645\u062c\u0627\u0644 \u0627\u0644\u0646\u0642\u0644 \u0648\u0627\u0644\u062a\u062e\u0644\u064a\u0635 \u0627\u0644\u062c\u0645\u0631\u0643\u064a \u0648\u0627\u0644\u0627\u0633\u062a\u0634\u0627\u0631\u0627\u062a \u0648\u0627\u0644\u062f\u0639\u0645. \u062c\u0645\u0639 \u0627\u0644\u0628\u064a\u0627\u0646\u0627\u062a [\u2026]<\/p>","protected":false},"author":1,"featured_media":0,"parent":0,"menu_order":0,"comment_status":"closed","ping_status":"closed","template":"","meta":{"footnotes":""},"class_list":["post-786","page","type-page","status-publish","hentry"],"yoast_head":"<!-- This site is optimized with the Yoast SEO plugin v24.9 - https:\/\/yoast.com\/wordpress\/plugins\/seo\/ -->\n<title>Confidentialit\u00e9 - RAHIMA TRANS<\/title>\n<meta name=\"robots\" content=\"index, follow, max-snippet:-1, max-image-preview:large, max-video-preview:-1\" \/>\n<link rel=\"canonical\" href=\"https:\/\/rahimatrans.com\/ar\/confidentialite\/\" \/>\n<meta property=\"og:locale\" content=\"ar_AR\" \/>\n<meta property=\"og:type\" content=\"article\" \/>\n<meta property=\"og:title\" content=\"Confidentialit\u00e9 - RAHIMA TRANS\" \/>\n<meta property=\"og:description\" content=\"Accueil Confidentialit\u00e9 Confidentialit\u00e9 Confidentialit\u00e9 Chez RAHIMA TRANS SARL, nous attachons une grande importance \u00e0 la confidentialit\u00e9 et \u00e0 la protection des donn\u00e9es de nos clients et partenaires. Notre engagement est de garantir la s\u00e9curit\u00e9 des informations personnelles et commerciales que nous traitons dans le cadre de nos services de transit, d\u00e9douanement, consulting et accompagnement. Collecte [&hellip;]\" \/>\n<meta property=\"og:url\" content=\"https:\/\/rahimatrans.com\/ar\/confidentialite\/\" \/>\n<meta property=\"og:site_name\" content=\"RAHIMA TRANS\" \/>\n<meta property=\"article:modified_time\" content=\"2025-03-17T15:55:22+00:00\" \/>\n<meta name=\"twitter:card\" content=\"summary_large_image\" \/>\n<meta name=\"twitter:label1\" content=\"\u0648\u0642\u062a \u0627\u0644\u0642\u0631\u0627\u0621\u0629 \u0627\u0644\u0645\u064f\u0642\u062f\u0651\u0631\" \/>\n\t<meta name=\"twitter:data1\" content=\"3 \u062f\u0642\u0627\u0626\u0642\" \/>\n<script type=\"application\/ld+json\" class=\"yoast-schema-graph\">{\"@context\":\"https:\/\/schema.org\",\"@graph\":[{\"@type\":\"WebPage\",\"@id\":\"https:\/\/rahimatrans.com\/confidentialite\/\",\"url\":\"https:\/\/rahimatrans.com\/confidentialite\/\",\"name\":\"Confidentialit\u00e9 - RAHIMA TRANS\",\"isPartOf\":{\"@id\":\"https:\/\/rahimatrans.com\/#website\"},\"datePublished\":\"2025-03-17T15:49:25+00:00\",\"dateModified\":\"2025-03-17T15:55:22+00:00\",\"breadcrumb\":{\"@id\":\"https:\/\/rahimatrans.com\/confidentialite\/#breadcrumb\"},\"inLanguage\":\"ar\",\"potentialAction\":[{\"@type\":\"ReadAction\",\"target\":[\"https:\/\/rahimatrans.com\/confidentialite\/\"]}]},{\"@type\":\"BreadcrumbList\",\"@id\":\"https:\/\/rahimatrans.com\/confidentialite\/#breadcrumb\",\"itemListElement\":[{\"@type\":\"ListItem\",\"position\":1,\"name\":\"Home\",\"item\":\"https:\/\/rahimatrans.com\/\"},{\"@type\":\"ListItem\",\"position\":2,\"name\":\"Confidentialit\u00e9\"}]},{\"@type\":\"WebSite\",\"@id\":\"https:\/\/rahimatrans.com\/#website\",\"url\":\"https:\/\/rahimatrans.com\/\",\"name\":\"RAHIMA Trans\",\"description\":\"\",\"publisher\":{\"@id\":\"https:\/\/rahimatrans.com\/#organization\"},\"potentialAction\":[{\"@type\":\"SearchAction\",\"target\":{\"@type\":\"EntryPoint\",\"urlTemplate\":\"https:\/\/rahimatrans.com\/?s={search_term_string}\"},\"query-input\":{\"@type\":\"PropertyValueSpecification\",\"valueRequired\":true,\"valueName\":\"search_term_string\"}}],\"inLanguage\":\"ar\"},{\"@type\":\"Organization\",\"@id\":\"https:\/\/rahimatrans.com\/#organization\",\"name\":\"RAHIMA Trans\",\"url\":\"https:\/\/rahimatrans.com\/\",\"logo\":{\"@type\":\"ImageObject\",\"inLanguage\":\"ar\",\"@id\":\"https:\/\/rahimatrans.com\/#\/schema\/logo\/image\/\",\"url\":\"https:\/\/rahimatrans.com\/wp-content\/uploads\/2025\/03\/cropped-image.webp\",\"contentUrl\":\"https:\/\/rahimatrans.com\/wp-content\/uploads\/2025\/03\/cropped-image.webp\",\"width\":463,\"height\":96,\"caption\":\"RAHIMA Trans\"},\"image\":{\"@id\":\"https:\/\/rahimatrans.com\/#\/schema\/logo\/image\/\"}}]}<\/script>\n<!-- \/ Yoast SEO plugin. -->","yoast_head_json":{"title":"Confidentialit\u00e9 - RAHIMA TRANS","robots":{"index":"index","follow":"follow","max-snippet":"max-snippet:-1","max-image-preview":"max-image-preview:large","max-video-preview":"max-video-preview:-1"},"canonical":"https:\/\/rahimatrans.com\/ar\/confidentialite\/","og_locale":"ar_AR","og_type":"article","og_title":"Confidentialit\u00e9 - RAHIMA TRANS","og_description":"Accueil Confidentialit\u00e9 Confidentialit\u00e9 Confidentialit\u00e9 Chez RAHIMA TRANS SARL, nous attachons une grande importance \u00e0 la confidentialit\u00e9 et \u00e0 la protection des donn\u00e9es de nos clients et partenaires. Notre engagement est de garantir la s\u00e9curit\u00e9 des informations personnelles et commerciales que nous traitons dans le cadre de nos services de transit, d\u00e9douanement, consulting et accompagnement. Collecte [&hellip;]","og_url":"https:\/\/rahimatrans.com\/ar\/confidentialite\/","og_site_name":"RAHIMA TRANS","article_modified_time":"2025-03-17T15:55:22+00:00","twitter_card":"summary_large_image","twitter_misc":{"\u0648\u0642\u062a \u0627\u0644\u0642\u0631\u0627\u0621\u0629 \u0627\u0644\u0645\u064f\u0642\u062f\u0651\u0631":"3 \u062f\u0642\u0627\u0626\u0642"},"schema":{"@context":"https:\/\/schema.org","@graph":[{"@type":"WebPage","@id":"https:\/\/rahimatrans.com\/confidentialite\/","url":"https:\/\/rahimatrans.com\/confidentialite\/","name":"Confidentialit\u00e9 - RAHIMA TRANS","isPartOf":{"@id":"https:\/\/rahimatrans.com\/#website"},"datePublished":"2025-03-17T15:49:25+00:00","dateModified":"2025-03-17T15:55:22+00:00","breadcrumb":{"@id":"https:\/\/rahimatrans.com\/confidentialite\/#breadcrumb"},"inLanguage":"ar","potentialAction":[{"@type":"ReadAction","target":["https:\/\/rahimatrans.com\/confidentialite\/"]}]},{"@type":"BreadcrumbList","@id":"https:\/\/rahimatrans.com\/confidentialite\/#breadcrumb","itemListElement":[{"@type":"ListItem","position":1,"name":"Home","item":"https:\/\/rahimatrans.com\/"},{"@type":"ListItem","position":2,"name":"Confidentialit\u00e9"}]},{"@type":"WebSite","@id":"https:\/\/rahimatrans.com\/#website","url":"https:\/\/rahimatrans.com\/","name":"RAHIMA Trans","description":"","publisher":{"@id":"https:\/\/rahimatrans.com\/#organization"},"potentialAction":[{"@type":"SearchAction","target":{"@type":"EntryPoint","urlTemplate":"https:\/\/rahimatrans.com\/?s={search_term_string}"},"query-input":{"@type":"PropertyValueSpecification","valueRequired":true,"valueName":"search_term_string"}}],"inLanguage":"ar"},{"@type":"Organization","@id":"https:\/\/rahimatrans.com\/#organization","name":"RAHIMA Trans","url":"https:\/\/rahimatrans.com\/","logo":{"@type":"ImageObject","inLanguage":"ar","@id":"https:\/\/rahimatrans.com\/#\/schema\/logo\/image\/","url":"https:\/\/rahimatrans.com\/wp-content\/uploads\/2025\/03\/cropped-image.webp","contentUrl":"https:\/\/rahimatrans.com\/wp-content\/uploads\/2025\/03\/cropped-image.webp","width":463,"height":96,"caption":"RAHIMA Trans"},"image":{"@id":"https:\/\/rahimatrans.com\/#\/schema\/logo\/image\/"}}]}},"_links":{"self":[{"href":"https:\/\/rahimatrans.com\/ar\/wp-json\/wp\/v2\/pages\/786","targetHints":{"allow":["GET"]}}],"collection":[{"href":"https:\/\/rahimatrans.com\/ar\/wp-json\/wp\/v2\/pages"}],"about":[{"href":"https:\/\/rahimatrans.com\/ar\/wp-json\/wp\/v2\/types\/page"}],"author":[{"embeddable":true,"href":"https:\/\/rahimatrans.com\/ar\/wp-json\/wp\/v2\/users\/1"}],"replies":[{"embeddable":true,"href":"https:\/\/rahimatrans.com\/ar\/wp-json\/wp\/v2\/comments?post=786"}],"version-history":[{"count":7,"href":"https:\/\/rahimatrans.com\/ar\/wp-json\/wp\/v2\/pages\/786\/revisions"}],"predecessor-version":[{"id":801,"href":"https:\/\/rahimatrans.com\/ar\/wp-json\/wp\/v2\/pages\/786\/revisions\/801"}],"wp:attachment":[{"href":"https:\/\/rahimatrans.com\/ar\/wp-json\/wp\/v2\/media?parent=786"}],"curies":[{"name":"wp","href":"https:\/\/api.w.org\/{rel}","templated":true}]}}